{"id":1451,"date":"2022-10-24T11:23:22","date_gmt":"2022-10-24T11:23:22","guid":{"rendered":"https:\/\/recyclingnetwork.de\/wordpress\/?page_id=1451"},"modified":"2023-01-15T15:40:14","modified_gmt":"2023-01-15T15:40:14","slug":"die-schritte-zu-ihrem-erfolgreichen-shop","status":"publish","type":"page","link":"https:\/\/recyclingnetwork.de\/?page_id=1451","title":{"rendered":"Die Schritte zu Ihrem erfolgreichen Abfall-Container Shop"},"content":{"rendered":"\n<ul class=\"wp-block-list\">\n<li>Bitte f\u00fcllen Sie das Formular auf dieser Seite aus<\/li>\n\n\n\n<li>Nach \u00dcberpr\u00fcfung Ihrer Daten senden wir Ihnen die Zugangsdaten zu Ihrem Test-Shop und eine Anleitung zu Ihrem Backend.<\/li>\n\n\n\n<li>Im Backend stellen Sie Ihre Leistungen, Preise, PLZ-Gebiete und und Informationen ein, die Sie ganz leicht und jederzeit \u00e4ndern k\u00f6nnen. Wir unterst\u00fctzen Sie hierbei, u.a. auch mit Grafiken zu Containern.<\/li>\n\n\n\n<li>Sie erhalten Bestellungen Ihrer neuen Kunden per E-Mail.<\/li>\n\n\n\n<li>Ferner erhalten Sie einen Link f\u00fcr Ihre eigene individuelle Abfallcontainer-Shop-Webseite. Diese Webseite k\u00f6nnen wir entweder mit einer Domain koppeln oder Sie verbinden sie mit Ihrer Homepage . So erreichen Sie mit diesem Service auch Ihre Bestandskunden.<\/li>\n<\/ul>\n\n\n\n<p>Sie testen ohne Kosten und ohne Risiko. <\/p>\n","protected":false},"excerpt":{"rendered":"<p>Sie testen ohne Kosten und ohne Risiko.<\/p>\n","protected":false},"author":1,"featured_media":0,"parent":0,"menu_order":0,"comment_status":"closed","ping_status":"closed","template":"","meta":{"footnotes":""},"class_list":["post-1451","page","type-page","status-publish","hentry"],"yoast_head":"<!-- This site is optimized with the Yoast SEO plugin v27.4 - https:\/\/yoast.com\/product\/yoast-seo-wordpress\/ -->\n<title>Die Schritte zu Ihrem erfolgreichen Abfall-Container Shop - Recycling Network<\/title>\n<meta name=\"robots\" content=\"index, follow, max-snippet:-1, max-image-preview:large, max-video-preview:-1\" \/>\n<link rel=\"canonical\" href=\"https:\/\/recyclingnetwork.de\/?page_id=1451\" \/>\n<meta property=\"og:locale\" content=\"de_DE\" \/>\n<meta property=\"og:type\" content=\"article\" \/>\n<meta property=\"og:title\" content=\"Die Schritte zu Ihrem erfolgreichen Abfall-Container Shop - Recycling Network\" \/>\n<meta property=\"og:description\" content=\"Sie testen ohne Kosten und ohne Risiko.\" \/>\n<meta property=\"og:url\" content=\"https:\/\/recyclingnetwork.de\/?page_id=1451\" \/>\n<meta property=\"og:site_name\" content=\"Recycling Network\" \/>\n<meta property=\"article:modified_time\" content=\"2023-01-15T15:40:14+00:00\" \/>\n<meta name=\"twitter:card\" content=\"summary_large_image\" \/>\n<meta name=\"twitter:label1\" content=\"Gesch\u00e4tzte Lesezeit\" \/>\n\t<meta name=\"twitter:data1\" content=\"1\u00a0Minute\" \/>\n<script type=\"application\/ld+json\" class=\"yoast-schema-graph\">{\"@context\":\"https:\\\/\\\/schema.org\",\"@graph\":[{\"@type\":\"WebPage\",\"@id\":\"https:\\\/\\\/recyclingnetwork.de\\\/?page_id=1451\",\"url\":\"https:\\\/\\\/recyclingnetwork.de\\\/?page_id=1451\",\"name\":\"Die Schritte zu Ihrem erfolgreichen Abfall-Container Shop - Recycling Network\",\"isPartOf\":{\"@id\":\"https:\\\/\\\/recyclingnetwork.de\\\/#website\"},\"datePublished\":\"2022-10-24T11:23:22+00:00\",\"dateModified\":\"2023-01-15T15:40:14+00:00\",\"breadcrumb\":{\"@id\":\"https:\\\/\\\/recyclingnetwork.de\\\/?page_id=1451#breadcrumb\"},\"inLanguage\":\"de\",\"potentialAction\":[{\"@type\":\"ReadAction\",\"target\":[\"https:\\\/\\\/recyclingnetwork.de\\\/?page_id=1451\"]}]},{\"@type\":\"BreadcrumbList\",\"@id\":\"https:\\\/\\\/recyclingnetwork.de\\\/?page_id=1451#breadcrumb\",\"itemListElement\":[{\"@type\":\"ListItem\",\"position\":1,\"name\":\"Startseite\",\"item\":\"https:\\\/\\\/recyclingnetwork.de\\\/\"},{\"@type\":\"ListItem\",\"position\":2,\"name\":\"Die Schritte zu Ihrem erfolgreichen Abfall-Container Shop\"}]},{\"@type\":\"WebSite\",\"@id\":\"https:\\\/\\\/recyclingnetwork.de\\\/#website\",\"url\":\"https:\\\/\\\/recyclingnetwork.de\\\/\",\"name\":\"Recycling Network\",\"description\":\"RecyclingNetwork Portal\",\"publisher\":{\"@id\":\"https:\\\/\\\/recyclingnetwork.de\\\/#organization\"},\"potentialAction\":[{\"@type\":\"SearchAction\",\"target\":{\"@type\":\"EntryPoint\",\"urlTemplate\":\"https:\\\/\\\/recyclingnetwork.de\\\/?s={search_term_string}\"},\"query-input\":{\"@type\":\"PropertyValueSpecification\",\"valueRequired\":true,\"valueName\":\"search_term_string\"}}],\"inLanguage\":\"de\"},{\"@type\":\"Organization\",\"@id\":\"https:\\\/\\\/recyclingnetwork.de\\\/#organization\",\"name\":\"Recycling Network\",\"url\":\"https:\\\/\\\/recyclingnetwork.de\\\/\",\"logo\":{\"@type\":\"ImageObject\",\"inLanguage\":\"de\",\"@id\":\"https:\\\/\\\/recyclingnetwork.de\\\/#\\\/schema\\\/logo\\\/image\\\/\",\"url\":\"https:\\\/\\\/recyclingnetwork.de\\\/wordpress\\\/wp-content\\\/uploads\\\/2022\\\/10\\\/logo_left.png\",\"contentUrl\":\"https:\\\/\\\/recyclingnetwork.de\\\/wordpress\\\/wp-content\\\/uploads\\\/2022\\\/10\\\/logo_left.png\",\"width\":203,\"height\":66,\"caption\":\"Recycling Network\"},\"image\":{\"@id\":\"https:\\\/\\\/recyclingnetwork.de\\\/#\\\/schema\\\/logo\\\/image\\\/\"}}]}<\/script>\n<!-- \/ Yoast SEO plugin. -->","yoast_head_json":{"title":"Die Schritte zu Ihrem erfolgreichen Abfall-Container Shop - Recycling Network","robots":{"index":"index","follow":"follow","max-snippet":"max-snippet:-1","max-image-preview":"max-image-preview:large","max-video-preview":"max-video-preview:-1"},"canonical":"https:\/\/recyclingnetwork.de\/?page_id=1451","og_locale":"de_DE","og_type":"article","og_title":"Die Schritte zu Ihrem erfolgreichen Abfall-Container Shop - Recycling Network","og_description":"Sie testen ohne Kosten und ohne Risiko.","og_url":"https:\/\/recyclingnetwork.de\/?page_id=1451","og_site_name":"Recycling Network","article_modified_time":"2023-01-15T15:40:14+00:00","twitter_card":"summary_large_image","twitter_misc":{"Gesch\u00e4tzte Lesezeit":"1\u00a0Minute"},"schema":{"@context":"https:\/\/schema.org","@graph":[{"@type":"WebPage","@id":"https:\/\/recyclingnetwork.de\/?page_id=1451","url":"https:\/\/recyclingnetwork.de\/?page_id=1451","name":"Die Schritte zu Ihrem erfolgreichen Abfall-Container Shop - Recycling Network","isPartOf":{"@id":"https:\/\/recyclingnetwork.de\/#website"},"datePublished":"2022-10-24T11:23:22+00:00","dateModified":"2023-01-15T15:40:14+00:00","breadcrumb":{"@id":"https:\/\/recyclingnetwork.de\/?page_id=1451#breadcrumb"},"inLanguage":"de","potentialAction":[{"@type":"ReadAction","target":["https:\/\/recyclingnetwork.de\/?page_id=1451"]}]},{"@type":"BreadcrumbList","@id":"https:\/\/recyclingnetwork.de\/?page_id=1451#breadcrumb","itemListElement":[{"@type":"ListItem","position":1,"name":"Startseite","item":"https:\/\/recyclingnetwork.de\/"},{"@type":"ListItem","position":2,"name":"Die Schritte zu Ihrem erfolgreichen Abfall-Container Shop"}]},{"@type":"WebSite","@id":"https:\/\/recyclingnetwork.de\/#website","url":"https:\/\/recyclingnetwork.de\/","name":"Recycling Network","description":"RecyclingNetwork Portal","publisher":{"@id":"https:\/\/recyclingnetwork.de\/#organization"},"potentialAction":[{"@type":"SearchAction","target":{"@type":"EntryPoint","urlTemplate":"https:\/\/recyclingnetwork.de\/?s={search_term_string}"},"query-input":{"@type":"PropertyValueSpecification","valueRequired":true,"valueName":"search_term_string"}}],"inLanguage":"de"},{"@type":"Organization","@id":"https:\/\/recyclingnetwork.de\/#organization","name":"Recycling Network","url":"https:\/\/recyclingnetwork.de\/","logo":{"@type":"ImageObject","inLanguage":"de","@id":"https:\/\/recyclingnetwork.de\/#\/schema\/logo\/image\/","url":"https:\/\/recyclingnetwork.de\/wordpress\/wp-content\/uploads\/2022\/10\/logo_left.png","contentUrl":"https:\/\/recyclingnetwork.de\/wordpress\/wp-content\/uploads\/2022\/10\/logo_left.png","width":203,"height":66,"caption":"Recycling Network"},"image":{"@id":"https:\/\/recyclingnetwork.de\/#\/schema\/logo\/image\/"}}]}},"_links":{"self":[{"href":"https:\/\/recyclingnetwork.de\/index.php?rest_route=\/wp\/v2\/pages\/1451","targetHints":{"allow":["GET"]}}],"collection":[{"href":"https:\/\/recyclingnetwork.de\/index.php?rest_route=\/wp\/v2\/pages"}],"about":[{"href":"https:\/\/recyclingnetwork.de\/index.php?rest_route=\/wp\/v2\/types\/page"}],"author":[{"embeddable":true,"href":"https:\/\/recyclingnetwork.de\/index.php?rest_route=\/wp\/v2\/users\/1"}],"replies":[{"embeddable":true,"href":"https:\/\/recyclingnetwork.de\/index.php?rest_route=%2Fwp%2Fv2%2Fcomments&post=1451"}],"version-history":[{"count":8,"href":"https:\/\/recyclingnetwork.de\/index.php?rest_route=\/wp\/v2\/pages\/1451\/revisions"}],"predecessor-version":[{"id":1893,"href":"https:\/\/recyclingnetwork.de\/index.php?rest_route=\/wp\/v2\/pages\/1451\/revisions\/1893"}],"wp:attachment":[{"href":"https:\/\/recyclingnetwork.de\/index.php?rest_route=%2Fwp%2Fv2%2Fmedia&parent=1451"}],"curies":[{"name":"wp","href":"https:\/\/api.w.org\/{rel}","templated":true}]}}