{"id":1458,"date":"2022-10-24T12:40:11","date_gmt":"2022-10-24T12:40:11","guid":{"rendered":"https:\/\/recyclingnetwork.de\/wordpress\/?page_id=1458"},"modified":"2025-02-08T15:41:41","modified_gmt":"2025-02-08T15:41:41","slug":"container-bestellapp-und-webseite","status":"publish","type":"page","link":"https:\/\/recyclingnetwork.de\/?page_id=1458","title":{"rendered":"Container Bestellapp"},"content":{"rendered":"\n<h4 class=\"wp-block-heading\"><a href=\"http:\/\/recyclingnetwork.de\/?page_id=1651\">Recycling-Network Container-Bestellapp f\u00fcr mein Unternehmen<\/a><\/h4>\n\n\n\n<p>Ihre Individuelle Bestell-App, f\u00fcr eine bessere Kundenbindung. Mit Vorteilen f\u00fcr Sie als Entsorger und f\u00fcr Ihre Kunden.<\/p>\n\n\n\n<p>Individuelles Design und die  Verwaltung \u00fcber Ihr Backend (gleiches Backend wie Webseite und Portal)<\/p>\n\n\n\n<p>Erstellung und Verf\u00fcgbarkeit der App: innerhalb von 2 Wochen.<\/p>\n\n\n\n<div class=\"wp-block-media-text alignwide has-media-on-the-right is-stacked-on-mobile is-vertically-aligned-top\"><div class=\"wp-block-media-text__content\">\n<h4 class=\"wp-block-heading\">Ihre Vorteile<\/h4>\n\n\n\n<ul class=\"wp-block-list\">\n<li>Kundenbindung<\/li>\n\n\n\n<li>Weniger Vertriebskosten<\/li>\n\n\n\n<li>Weniger Auftragskosten, Entlastung durch automatischen Bestelleingang per E-Mail mit korrekten Adressdaten der Besteller.<\/li>\n\n\n\n<li>F\u00fcr Kunden jederzeit erreichbar, Bestellungen rund um die Uhr<\/li>\n\n\n\n<li>Preisg\u00fcnstig<\/li>\n\n\n\n<li>Schriftlicher Auftrag<\/li>\n\n\n\n<li>Prestige, Zus\u00e4tzlicher Vertriebskanal im Wachstumsmarkt Internet<\/li>\n\n\n\n<li>Kosteng\u00fcnstiges Marketing<\/li>\n\n\n\n<li>Zahlungsabwicklung \u00fcber die App oder vor Ort<\/li>\n<\/ul>\n\n\n\n<h4 class=\"wp-block-heading\">Vorteile des Kunden:<\/h4>\n\n\n\n<ul class=\"wp-block-list\">\n<li>Keine Warteschleife<\/li>\n\n\n\n<li>Schnelle Bestellung<\/li>\n\n\n\n<li>24h Erreichbarkeit<\/li>\n\n\n\n<li>Zeitersparnis<\/li>\n\n\n\n<li>schnelle Information<\/li>\n<\/ul>\n\n\n\n<h2 class=\"wp-block-heading\">Screenshots<\/h2>\n<\/div><figure class=\"wp-block-media-text__media\"><img loading=\"lazy\" decoding=\"async\" width=\"838\" height=\"1024\" src=\"https:\/\/recyclingnetwork.de\/wordpress\/wp-content\/uploads\/2022\/11\/start-838x1024.png\" alt=\"\" class=\"wp-image-1635 size-full\" srcset=\"https:\/\/recyclingnetwork.de\/wordpress\/wp-content\/uploads\/2022\/11\/start-838x1024.png 838w, https:\/\/recyclingnetwork.de\/wordpress\/wp-content\/uploads\/2022\/11\/start-245x300.png 245w, https:\/\/recyclingnetwork.de\/wordpress\/wp-content\/uploads\/2022\/11\/start-768x939.png 768w, https:\/\/recyclingnetwork.de\/wordpress\/wp-content\/uploads\/2022\/11\/start-1257x1536.png 1257w, https:\/\/recyclingnetwork.de\/wordpress\/wp-content\/uploads\/2022\/11\/start-1676x2048.png 1676w, https:\/\/recyclingnetwork.de\/wordpress\/wp-content\/uploads\/2022\/11\/start.png 1800w\" sizes=\"auto, (max-width: 838px) 100vw, 838px\" \/><\/figure><\/div>\n\n\n\n<figure class=\"wp-block-gallery has-nested-images columns-default is-cropped wp-block-gallery-1 is-layout-flex wp-block-gallery-is-layout-flex\">\n<figure class=\"wp-block-image size-large\"><img loading=\"lazy\" decoding=\"async\" width=\"838\" height=\"1024\" data-id=\"1635\" src=\"https:\/\/recyclingnetwork.de\/wordpress\/wp-content\/uploads\/2022\/11\/start-838x1024.png\" alt=\"\" class=\"wp-image-1635\" srcset=\"https:\/\/recyclingnetwork.de\/wordpress\/wp-content\/uploads\/2022\/11\/start-838x1024.png 838w, https:\/\/recyclingnetwork.de\/wordpress\/wp-content\/uploads\/2022\/11\/start-245x300.png 245w, https:\/\/recyclingnetwork.de\/wordpress\/wp-content\/uploads\/2022\/11\/start-768x939.png 768w, https:\/\/recyclingnetwork.de\/wordpress\/wp-content\/uploads\/2022\/11\/start-1257x1536.png 1257w, https:\/\/recyclingnetwork.de\/wordpress\/wp-content\/uploads\/2022\/11\/start-1676x2048.png 1676w, https:\/\/recyclingnetwork.de\/wordpress\/wp-content\/uploads\/2022\/11\/start.png 1800w\" sizes=\"auto, (max-width: 838px) 100vw, 838px\" \/><figcaption class=\"wp-element-caption\">Bestellung\/PLZ Eingabe<\/figcaption><\/figure>\n\n\n\n<figure class=\"wp-block-image size-large\"><img loading=\"lazy\" decoding=\"async\" width=\"838\" height=\"1024\" data-id=\"1622\" src=\"https:\/\/recyclingnetwork.de\/wordpress\/wp-content\/uploads\/2022\/11\/abfall-838x1024.png\" alt=\"\" class=\"wp-image-1622\" srcset=\"https:\/\/recyclingnetwork.de\/wordpress\/wp-content\/uploads\/2022\/11\/abfall-838x1024.png 838w, https:\/\/recyclingnetwork.de\/wordpress\/wp-content\/uploads\/2022\/11\/abfall-245x300.png 245w, https:\/\/recyclingnetwork.de\/wordpress\/wp-content\/uploads\/2022\/11\/abfall-768x939.png 768w, https:\/\/recyclingnetwork.de\/wordpress\/wp-content\/uploads\/2022\/11\/abfall-1257x1536.png 1257w, https:\/\/recyclingnetwork.de\/wordpress\/wp-content\/uploads\/2022\/11\/abfall-1676x2048.png 1676w, https:\/\/recyclingnetwork.de\/wordpress\/wp-content\/uploads\/2022\/11\/abfall.png 1800w\" sizes=\"auto, (max-width: 838px) 100vw, 838px\" \/><figcaption class=\"wp-element-caption\">Auswahl Abfallart<\/figcaption><\/figure>\n\n\n\n<figure class=\"wp-block-image size-large\"><img loading=\"lazy\" decoding=\"async\" width=\"838\" height=\"1024\" data-id=\"1629\" src=\"https:\/\/recyclingnetwork.de\/wordpress\/wp-content\/uploads\/2022\/11\/containerliste-838x1024.png\" alt=\"\" class=\"wp-image-1629\" srcset=\"https:\/\/recyclingnetwork.de\/wordpress\/wp-content\/uploads\/2022\/11\/containerliste-838x1024.png 838w, https:\/\/recyclingnetwork.de\/wordpress\/wp-content\/uploads\/2022\/11\/containerliste-245x300.png 245w, https:\/\/recyclingnetwork.de\/wordpress\/wp-content\/uploads\/2022\/11\/containerliste-768x939.png 768w, https:\/\/recyclingnetwork.de\/wordpress\/wp-content\/uploads\/2022\/11\/containerliste-1257x1536.png 1257w, https:\/\/recyclingnetwork.de\/wordpress\/wp-content\/uploads\/2022\/11\/containerliste-1676x2048.png 1676w, https:\/\/recyclingnetwork.de\/wordpress\/wp-content\/uploads\/2022\/11\/containerliste.png 1800w\" sizes=\"auto, (max-width: 838px) 100vw, 838px\" \/><figcaption class=\"wp-element-caption\">Auswahl Container<\/figcaption><\/figure>\n\n\n\n<figure class=\"wp-block-image size-large\"><img loading=\"lazy\" decoding=\"async\" width=\"838\" height=\"1024\" data-id=\"1626\" src=\"https:\/\/recyclingnetwork.de\/wordpress\/wp-content\/uploads\/2022\/11\/bestaetigung-838x1024.png\" alt=\"\" class=\"wp-image-1626\" srcset=\"https:\/\/recyclingnetwork.de\/wordpress\/wp-content\/uploads\/2022\/11\/bestaetigung-838x1024.png 838w, https:\/\/recyclingnetwork.de\/wordpress\/wp-content\/uploads\/2022\/11\/bestaetigung-245x300.png 245w, https:\/\/recyclingnetwork.de\/wordpress\/wp-content\/uploads\/2022\/11\/bestaetigung-768x939.png 768w, https:\/\/recyclingnetwork.de\/wordpress\/wp-content\/uploads\/2022\/11\/bestaetigung-1257x1536.png 1257w, https:\/\/recyclingnetwork.de\/wordpress\/wp-content\/uploads\/2022\/11\/bestaetigung-1676x2048.png 1676w, https:\/\/recyclingnetwork.de\/wordpress\/wp-content\/uploads\/2022\/11\/bestaetigung.png 1800w\" sizes=\"auto, (max-width: 838px) 100vw, 838px\" \/><figcaption class=\"wp-element-caption\">Best\u00e4tigung Bef\u00fcllhinweise<\/figcaption><\/figure>\n\n\n\n<figure class=\"wp-block-image size-large\"><img loading=\"lazy\" decoding=\"async\" width=\"838\" height=\"1024\" data-id=\"1634\" src=\"https:\/\/recyclingnetwork.de\/wordpress\/wp-content\/uploads\/2022\/11\/gutschein-838x1024.png\" alt=\"\" class=\"wp-image-1634\" srcset=\"https:\/\/recyclingnetwork.de\/wordpress\/wp-content\/uploads\/2022\/11\/gutschein-838x1024.png 838w, https:\/\/recyclingnetwork.de\/wordpress\/wp-content\/uploads\/2022\/11\/gutschein-245x300.png 245w, https:\/\/recyclingnetwork.de\/wordpress\/wp-content\/uploads\/2022\/11\/gutschein-768x939.png 768w, https:\/\/recyclingnetwork.de\/wordpress\/wp-content\/uploads\/2022\/11\/gutschein-1257x1536.png 1257w, https:\/\/recyclingnetwork.de\/wordpress\/wp-content\/uploads\/2022\/11\/gutschein-1676x2048.png 1676w, https:\/\/recyclingnetwork.de\/wordpress\/wp-content\/uploads\/2022\/11\/gutschein.png 1800w\" sizes=\"auto, (max-width: 838px) 100vw, 838px\" \/><figcaption class=\"wp-element-caption\">Gutscheinaktionen f\u00fcr Kunden<\/figcaption><\/figure>\n\n\n\n<figure class=\"wp-block-image size-large\"><img loading=\"lazy\" decoding=\"async\" width=\"838\" height=\"1024\" data-id=\"1641\" src=\"https:\/\/recyclingnetwork.de\/wordpress\/wp-content\/uploads\/2022\/11\/zahlung-838x1024.png\" alt=\"\" class=\"wp-image-1641\" srcset=\"https:\/\/recyclingnetwork.de\/wordpress\/wp-content\/uploads\/2022\/11\/zahlung-838x1024.png 838w, https:\/\/recyclingnetwork.de\/wordpress\/wp-content\/uploads\/2022\/11\/zahlung-245x300.png 245w, https:\/\/recyclingnetwork.de\/wordpress\/wp-content\/uploads\/2022\/11\/zahlung-768x939.png 768w, https:\/\/recyclingnetwork.de\/wordpress\/wp-content\/uploads\/2022\/11\/zahlung-1257x1536.png 1257w, https:\/\/recyclingnetwork.de\/wordpress\/wp-content\/uploads\/2022\/11\/zahlung-1676x2048.png 1676w, https:\/\/recyclingnetwork.de\/wordpress\/wp-content\/uploads\/2022\/11\/zahlung.png 1800w\" sizes=\"auto, (max-width: 838px) 100vw, 838px\" \/><figcaption class=\"wp-element-caption\">Zahlung durch Kunde<\/figcaption><\/figure>\n\n\n\n<figure class=\"wp-block-image size-large\"><img loading=\"lazy\" decoding=\"async\" width=\"838\" height=\"1024\" data-id=\"1628\" src=\"https:\/\/recyclingnetwork.de\/wordpress\/wp-content\/uploads\/2022\/11\/bestellungen-838x1024.jpg\" alt=\"\" class=\"wp-image-1628\" srcset=\"https:\/\/recyclingnetwork.de\/wordpress\/wp-content\/uploads\/2022\/11\/bestellungen-838x1024.jpg 838w, https:\/\/recyclingnetwork.de\/wordpress\/wp-content\/uploads\/2022\/11\/bestellungen-245x300.jpg 245w, https:\/\/recyclingnetwork.de\/wordpress\/wp-content\/uploads\/2022\/11\/bestellungen-768x939.jpg 768w, https:\/\/recyclingnetwork.de\/wordpress\/wp-content\/uploads\/2022\/11\/bestellungen-1257x1536.jpg 1257w, https:\/\/recyclingnetwork.de\/wordpress\/wp-content\/uploads\/2022\/11\/bestellungen-1676x2048.jpg 1676w, https:\/\/recyclingnetwork.de\/wordpress\/wp-content\/uploads\/2022\/11\/bestellungen.jpg 1800w\" sizes=\"auto, (max-width: 838px) 100vw, 838px\" \/><figcaption class=\"wp-element-caption\">Auftragsbearbeitung\/-ansicht Kunde<\/figcaption><\/figure>\n\n\n\n<figure class=\"wp-block-image size-large\"><img loading=\"lazy\" decoding=\"async\" width=\"838\" height=\"1024\" data-id=\"1633\" src=\"https:\/\/recyclingnetwork.de\/wordpress\/wp-content\/uploads\/2022\/11\/fahrerfunktionen-838x1024.jpg\" alt=\"\" class=\"wp-image-1633\" srcset=\"https:\/\/recyclingnetwork.de\/wordpress\/wp-content\/uploads\/2022\/11\/fahrerfunktionen-838x1024.jpg 838w, https:\/\/recyclingnetwork.de\/wordpress\/wp-content\/uploads\/2022\/11\/fahrerfunktionen-245x300.jpg 245w, https:\/\/recyclingnetwork.de\/wordpress\/wp-content\/uploads\/2022\/11\/fahrerfunktionen-768x939.jpg 768w, https:\/\/recyclingnetwork.de\/wordpress\/wp-content\/uploads\/2022\/11\/fahrerfunktionen-1257x1536.jpg 1257w, https:\/\/recyclingnetwork.de\/wordpress\/wp-content\/uploads\/2022\/11\/fahrerfunktionen-1676x2048.jpg 1676w, https:\/\/recyclingnetwork.de\/wordpress\/wp-content\/uploads\/2022\/11\/fahrerfunktionen.jpg 1800w\" sizes=\"auto, (max-width: 838px) 100vw, 838px\" \/><figcaption class=\"wp-element-caption\">Auftragsbearbeitung durch Fahrer<\/figcaption><\/figure>\n\n\n\n<figure class=\"wp-block-image size-large\"><img loading=\"lazy\" decoding=\"async\" width=\"838\" height=\"1024\" data-id=\"1640\" src=\"https:\/\/recyclingnetwork.de\/wordpress\/wp-content\/uploads\/2022\/11\/unterschrift-838x1024.png\" alt=\"\" class=\"wp-image-1640\" srcset=\"https:\/\/recyclingnetwork.de\/wordpress\/wp-content\/uploads\/2022\/11\/unterschrift-838x1024.png 838w, https:\/\/recyclingnetwork.de\/wordpress\/wp-content\/uploads\/2022\/11\/unterschrift-245x300.png 245w, https:\/\/recyclingnetwork.de\/wordpress\/wp-content\/uploads\/2022\/11\/unterschrift-768x939.png 768w, https:\/\/recyclingnetwork.de\/wordpress\/wp-content\/uploads\/2022\/11\/unterschrift-1257x1536.png 1257w, https:\/\/recyclingnetwork.de\/wordpress\/wp-content\/uploads\/2022\/11\/unterschrift-1676x2048.png 1676w, https:\/\/recyclingnetwork.de\/wordpress\/wp-content\/uploads\/2022\/11\/unterschrift.png 1800w\" sizes=\"auto, (max-width: 838px) 100vw, 838px\" \/><figcaption class=\"wp-element-caption\">Unterschrift Kunde bei Lieferung<\/figcaption><\/figure>\n\n\n\n<figure class=\"wp-block-image size-large\"><img loading=\"lazy\" decoding=\"async\" width=\"838\" height=\"1024\" data-id=\"1639\" src=\"https:\/\/recyclingnetwork.de\/wordpress\/wp-content\/uploads\/2022\/11\/termin-838x1024.png\" alt=\"\" class=\"wp-image-1639\" srcset=\"https:\/\/recyclingnetwork.de\/wordpress\/wp-content\/uploads\/2022\/11\/termin-838x1024.png 838w, https:\/\/recyclingnetwork.de\/wordpress\/wp-content\/uploads\/2022\/11\/termin-245x300.png 245w, https:\/\/recyclingnetwork.de\/wordpress\/wp-content\/uploads\/2022\/11\/termin-768x939.png 768w, https:\/\/recyclingnetwork.de\/wordpress\/wp-content\/uploads\/2022\/11\/termin-1257x1536.png 1257w, https:\/\/recyclingnetwork.de\/wordpress\/wp-content\/uploads\/2022\/11\/termin-1676x2048.png 1676w, https:\/\/recyclingnetwork.de\/wordpress\/wp-content\/uploads\/2022\/11\/termin.png 1800w\" sizes=\"auto, (max-width: 838px) 100vw, 838px\" \/><figcaption class=\"wp-element-caption\">Liefer- und Abholzeiten<\/figcaption><\/figure>\n\n\n\n<figure class=\"wp-block-image size-large\"><img loading=\"lazy\" decoding=\"async\" width=\"838\" height=\"1024\" data-id=\"1636\" src=\"https:\/\/recyclingnetwork.de\/wordpress\/wp-content\/uploads\/2022\/11\/stellplaetze_3-838x1024.jpg\" alt=\"\" class=\"wp-image-1636\" srcset=\"https:\/\/recyclingnetwork.de\/wordpress\/wp-content\/uploads\/2022\/11\/stellplaetze_3-838x1024.jpg 838w, https:\/\/recyclingnetwork.de\/wordpress\/wp-content\/uploads\/2022\/11\/stellplaetze_3-245x300.jpg 245w, https:\/\/recyclingnetwork.de\/wordpress\/wp-content\/uploads\/2022\/11\/stellplaetze_3-768x939.jpg 768w, https:\/\/recyclingnetwork.de\/wordpress\/wp-content\/uploads\/2022\/11\/stellplaetze_3-1257x1536.jpg 1257w, https:\/\/recyclingnetwork.de\/wordpress\/wp-content\/uploads\/2022\/11\/stellplaetze_3-1676x2048.jpg 1676w, https:\/\/recyclingnetwork.de\/wordpress\/wp-content\/uploads\/2022\/11\/stellplaetze_3.jpg 1800w\" sizes=\"auto, (max-width: 838px) 100vw, 838px\" \/><figcaption class=\"wp-element-caption\">Admin sieht alle seine Fahrer und deren Auftr\u00e4ge<\/figcaption><\/figure>\n\n\n\n<figure class=\"wp-block-image size-large\"><img loading=\"lazy\" decoding=\"async\" width=\"838\" height=\"1024\" data-id=\"1624\" src=\"https:\/\/recyclingnetwork.de\/wordpress\/wp-content\/uploads\/2022\/11\/angebote-838x1024.png\" alt=\"\" class=\"wp-image-1624\" srcset=\"https:\/\/recyclingnetwork.de\/wordpress\/wp-content\/uploads\/2022\/11\/angebote-838x1024.png 838w, https:\/\/recyclingnetwork.de\/wordpress\/wp-content\/uploads\/2022\/11\/angebote-245x300.png 245w, https:\/\/recyclingnetwork.de\/wordpress\/wp-content\/uploads\/2022\/11\/angebote-768x939.png 768w, https:\/\/recyclingnetwork.de\/wordpress\/wp-content\/uploads\/2022\/11\/angebote-1257x1536.png 1257w, https:\/\/recyclingnetwork.de\/wordpress\/wp-content\/uploads\/2022\/11\/angebote-1676x2048.png 1676w, https:\/\/recyclingnetwork.de\/wordpress\/wp-content\/uploads\/2022\/11\/angebote.png 1800w\" sizes=\"auto, (max-width: 838px) 100vw, 838px\" \/><figcaption class=\"wp-element-caption\">weitere Angebote in der App<\/figcaption><\/figure>\n<figcaption class=\"blocks-gallery-caption wp-element-caption\"><br><\/figcaption><\/figure>\n\n\n\n<p>Die Optionen<\/p>\n\n\n","protected":false},"excerpt":{"rendered":"<p>Recycling-Network Container-Bestellapp f\u00fcr mein Unternehmen Ihre Individuelle Bestell-App, f\u00fcr eine bessere Kundenbindung. Mit Vorteilen f\u00fcr Sie als Entsorger und f\u00fcr Ihre Kunden. Individuelles Design und die Verwaltung \u00fcber Ihr Backend &#8230;<\/p>\n","protected":false},"author":1,"featured_media":0,"parent":0,"menu_order":0,"comment_status":"closed","ping_status":"closed","template":"template-left-sidebar.php","meta":{"footnotes":""},"class_list":["post-1458","page","type-page","status-publish","hentry"],"yoast_head":"<!-- This site is optimized with the Yoast SEO plugin v27.4 - https:\/\/yoast.com\/product\/yoast-seo-wordpress\/ -->\n<title>Container Bestellapp - Recycling Network<\/title>\n<meta name=\"description\" content=\"Individuelle Container-Bestellapp f\u00fcr Entsorger\" \/>\n<meta name=\"robots\" content=\"index, follow, max-snippet:-1, max-image-preview:large, max-video-preview:-1\" \/>\n<link rel=\"canonical\" href=\"https:\/\/recyclingnetwork.de\/?page_id=1458\" \/>\n<meta property=\"og:locale\" content=\"de_DE\" \/>\n<meta property=\"og:type\" content=\"article\" \/>\n<meta property=\"og:title\" content=\"Container Bestellapp - Recycling Network\" \/>\n<meta property=\"og:description\" content=\"Individuelle Container-Bestellapp f\u00fcr Entsorger\" \/>\n<meta property=\"og:url\" content=\"https:\/\/recyclingnetwork.de\/?page_id=1458\" \/>\n<meta property=\"og:site_name\" content=\"Recycling Network\" \/>\n<meta property=\"article:modified_time\" content=\"2025-02-08T15:41:41+00:00\" \/>\n<meta property=\"og:image\" content=\"https:\/\/recyclingnetwork.de\/wordpress\/wp-content\/uploads\/2022\/11\/start.png\" \/>\n\t<meta property=\"og:image:width\" content=\"1800\" \/>\n\t<meta property=\"og:image:height\" content=\"2200\" \/>\n\t<meta property=\"og:image:type\" content=\"image\/png\" \/>\n<meta name=\"twitter:card\" content=\"summary_large_image\" \/>\n<meta name=\"twitter:label1\" content=\"Gesch\u00e4tzte Lesezeit\" \/>\n\t<meta name=\"twitter:data1\" content=\"4\u00a0Minuten\" \/>\n<script type=\"application\/ld+json\" class=\"yoast-schema-graph\">{\"@context\":\"https:\\\/\\\/schema.org\",\"@graph\":[{\"@type\":\"WebPage\",\"@id\":\"https:\\\/\\\/recyclingnetwork.de\\\/?page_id=1458\",\"url\":\"https:\\\/\\\/recyclingnetwork.de\\\/?page_id=1458\",\"name\":\"Container Bestellapp - Recycling Network\",\"isPartOf\":{\"@id\":\"https:\\\/\\\/recyclingnetwork.de\\\/#website\"},\"primaryImageOfPage\":{\"@id\":\"https:\\\/\\\/recyclingnetwork.de\\\/?page_id=1458#primaryimage\"},\"image\":{\"@id\":\"https:\\\/\\\/recyclingnetwork.de\\\/?page_id=1458#primaryimage\"},\"thumbnailUrl\":\"https:\\\/\\\/recyclingnetwork.de\\\/wordpress\\\/wp-content\\\/uploads\\\/2022\\\/11\\\/start-838x1024.png\",\"datePublished\":\"2022-10-24T12:40:11+00:00\",\"dateModified\":\"2025-02-08T15:41:41+00:00\",\"description\":\"Individuelle Container-Bestellapp f\u00fcr Entsorger\",\"breadcrumb\":{\"@id\":\"https:\\\/\\\/recyclingnetwork.de\\\/?page_id=1458#breadcrumb\"},\"inLanguage\":\"de\",\"potentialAction\":[{\"@type\":\"ReadAction\",\"target\":[\"https:\\\/\\\/recyclingnetwork.de\\\/?page_id=1458\"]}]},{\"@type\":\"ImageObject\",\"inLanguage\":\"de\",\"@id\":\"https:\\\/\\\/recyclingnetwork.de\\\/?page_id=1458#primaryimage\",\"url\":\"https:\\\/\\\/recyclingnetwork.de\\\/wordpress\\\/wp-content\\\/uploads\\\/2022\\\/11\\\/start.png\",\"contentUrl\":\"https:\\\/\\\/recyclingnetwork.de\\\/wordpress\\\/wp-content\\\/uploads\\\/2022\\\/11\\\/start.png\",\"width\":1800,\"height\":2200,\"caption\":\"Bestellung\\\/PLZ Eingabe\"},{\"@type\":\"BreadcrumbList\",\"@id\":\"https:\\\/\\\/recyclingnetwork.de\\\/?page_id=1458#breadcrumb\",\"itemListElement\":[{\"@type\":\"ListItem\",\"position\":1,\"name\":\"Startseite\",\"item\":\"https:\\\/\\\/recyclingnetwork.de\\\/\"},{\"@type\":\"ListItem\",\"position\":2,\"name\":\"Container Bestellapp\"}]},{\"@type\":\"WebSite\",\"@id\":\"https:\\\/\\\/recyclingnetwork.de\\\/#website\",\"url\":\"https:\\\/\\\/recyclingnetwork.de\\\/\",\"name\":\"Recycling Network\",\"description\":\"RecyclingNetwork Portal\",\"publisher\":{\"@id\":\"https:\\\/\\\/recyclingnetwork.de\\\/#organization\"},\"potentialAction\":[{\"@type\":\"SearchAction\",\"target\":{\"@type\":\"EntryPoint\",\"urlTemplate\":\"https:\\\/\\\/recyclingnetwork.de\\\/?s={search_term_string}\"},\"query-input\":{\"@type\":\"PropertyValueSpecification\",\"valueRequired\":true,\"valueName\":\"search_term_string\"}}],\"inLanguage\":\"de\"},{\"@type\":\"Organization\",\"@id\":\"https:\\\/\\\/recyclingnetwork.de\\\/#organization\",\"name\":\"Recycling Network\",\"url\":\"https:\\\/\\\/recyclingnetwork.de\\\/\",\"logo\":{\"@type\":\"ImageObject\",\"inLanguage\":\"de\",\"@id\":\"https:\\\/\\\/recyclingnetwork.de\\\/#\\\/schema\\\/logo\\\/image\\\/\",\"url\":\"https:\\\/\\\/recyclingnetwork.de\\\/wordpress\\\/wp-content\\\/uploads\\\/2022\\\/10\\\/logo_left.png\",\"contentUrl\":\"https:\\\/\\\/recyclingnetwork.de\\\/wordpress\\\/wp-content\\\/uploads\\\/2022\\\/10\\\/logo_left.png\",\"width\":203,\"height\":66,\"caption\":\"Recycling Network\"},\"image\":{\"@id\":\"https:\\\/\\\/recyclingnetwork.de\\\/#\\\/schema\\\/logo\\\/image\\\/\"}}]}<\/script>\n<!-- \/ Yoast SEO plugin. -->","yoast_head_json":{"title":"Container Bestellapp - Recycling Network","description":"Individuelle Container-Bestellapp f\u00fcr Entsorger","robots":{"index":"index","follow":"follow","max-snippet":"max-snippet:-1","max-image-preview":"max-image-preview:large","max-video-preview":"max-video-preview:-1"},"canonical":"https:\/\/recyclingnetwork.de\/?page_id=1458","og_locale":"de_DE","og_type":"article","og_title":"Container Bestellapp - Recycling Network","og_description":"Individuelle Container-Bestellapp f\u00fcr Entsorger","og_url":"https:\/\/recyclingnetwork.de\/?page_id=1458","og_site_name":"Recycling Network","article_modified_time":"2025-02-08T15:41:41+00:00","og_image":[{"width":1800,"height":2200,"url":"https:\/\/recyclingnetwork.de\/wordpress\/wp-content\/uploads\/2022\/11\/start.png","type":"image\/png"}],"twitter_card":"summary_large_image","twitter_misc":{"Gesch\u00e4tzte Lesezeit":"4\u00a0Minuten"},"schema":{"@context":"https:\/\/schema.org","@graph":[{"@type":"WebPage","@id":"https:\/\/recyclingnetwork.de\/?page_id=1458","url":"https:\/\/recyclingnetwork.de\/?page_id=1458","name":"Container Bestellapp - Recycling Network","isPartOf":{"@id":"https:\/\/recyclingnetwork.de\/#website"},"primaryImageOfPage":{"@id":"https:\/\/recyclingnetwork.de\/?page_id=1458#primaryimage"},"image":{"@id":"https:\/\/recyclingnetwork.de\/?page_id=1458#primaryimage"},"thumbnailUrl":"https:\/\/recyclingnetwork.de\/wordpress\/wp-content\/uploads\/2022\/11\/start-838x1024.png","datePublished":"2022-10-24T12:40:11+00:00","dateModified":"2025-02-08T15:41:41+00:00","description":"Individuelle Container-Bestellapp f\u00fcr Entsorger","breadcrumb":{"@id":"https:\/\/recyclingnetwork.de\/?page_id=1458#breadcrumb"},"inLanguage":"de","potentialAction":[{"@type":"ReadAction","target":["https:\/\/recyclingnetwork.de\/?page_id=1458"]}]},{"@type":"ImageObject","inLanguage":"de","@id":"https:\/\/recyclingnetwork.de\/?page_id=1458#primaryimage","url":"https:\/\/recyclingnetwork.de\/wordpress\/wp-content\/uploads\/2022\/11\/start.png","contentUrl":"https:\/\/recyclingnetwork.de\/wordpress\/wp-content\/uploads\/2022\/11\/start.png","width":1800,"height":2200,"caption":"Bestellung\/PLZ Eingabe"},{"@type":"BreadcrumbList","@id":"https:\/\/recyclingnetwork.de\/?page_id=1458#breadcrumb","itemListElement":[{"@type":"ListItem","position":1,"name":"Startseite","item":"https:\/\/recyclingnetwork.de\/"},{"@type":"ListItem","position":2,"name":"Container Bestellapp"}]},{"@type":"WebSite","@id":"https:\/\/recyclingnetwork.de\/#website","url":"https:\/\/recyclingnetwork.de\/","name":"Recycling Network","description":"RecyclingNetwork Portal","publisher":{"@id":"https:\/\/recyclingnetwork.de\/#organization"},"potentialAction":[{"@type":"SearchAction","target":{"@type":"EntryPoint","urlTemplate":"https:\/\/recyclingnetwork.de\/?s={search_term_string}"},"query-input":{"@type":"PropertyValueSpecification","valueRequired":true,"valueName":"search_term_string"}}],"inLanguage":"de"},{"@type":"Organization","@id":"https:\/\/recyclingnetwork.de\/#organization","name":"Recycling Network","url":"https:\/\/recyclingnetwork.de\/","logo":{"@type":"ImageObject","inLanguage":"de","@id":"https:\/\/recyclingnetwork.de\/#\/schema\/logo\/image\/","url":"https:\/\/recyclingnetwork.de\/wordpress\/wp-content\/uploads\/2022\/10\/logo_left.png","contentUrl":"https:\/\/recyclingnetwork.de\/wordpress\/wp-content\/uploads\/2022\/10\/logo_left.png","width":203,"height":66,"caption":"Recycling Network"},"image":{"@id":"https:\/\/recyclingnetwork.de\/#\/schema\/logo\/image\/"}}]}},"_links":{"self":[{"href":"https:\/\/recyclingnetwork.de\/index.php?rest_route=\/wp\/v2\/pages\/1458","targetHints":{"allow":["GET"]}}],"collection":[{"href":"https:\/\/recyclingnetwork.de\/index.php?rest_route=\/wp\/v2\/pages"}],"about":[{"href":"https:\/\/recyclingnetwork.de\/index.php?rest_route=\/wp\/v2\/types\/page"}],"author":[{"embeddable":true,"href":"https:\/\/recyclingnetwork.de\/index.php?rest_route=\/wp\/v2\/users\/1"}],"replies":[{"embeddable":true,"href":"https:\/\/recyclingnetwork.de\/index.php?rest_route=%2Fwp%2Fv2%2Fcomments&post=1458"}],"version-history":[{"count":40,"href":"https:\/\/recyclingnetwork.de\/index.php?rest_route=\/wp\/v2\/pages\/1458\/revisions"}],"predecessor-version":[{"id":12591,"href":"https:\/\/recyclingnetwork.de\/index.php?rest_route=\/wp\/v2\/pages\/1458\/revisions\/12591"}],"wp:attachment":[{"href":"https:\/\/recyclingnetwork.de\/index.php?rest_route=%2Fwp%2Fv2%2Fmedia&parent=1458"}],"curies":[{"name":"wp","href":"https:\/\/api.w.org\/{rel}","templated":true}]}}