{"id":1490,"date":"2022-10-24T14:32:35","date_gmt":"2022-10-24T14:32:35","guid":{"rendered":"https:\/\/recyclingnetwork.de\/wordpress\/?page_id=1490"},"modified":"2026-04-13T07:46:21","modified_gmt":"2026-04-13T07:46:21","slug":"impressum","status":"publish","type":"page","link":"https:\/\/recyclingnetwork.de\/?page_id=1490","title":{"rendered":"Impressum"},"content":{"rendered":"\n<p>Verantwortlich f\u00fcr den Inhalt:<\/p>\n\n\n\n<p>RecyclingNetwork<\/p>\n\n\n\n<p>Ralf Hollax<\/p>\n\n\n\n<p>Bichler Str. 21A<br>81479 M\u00fcnchen<\/p>\n\n\n\n<p>089 \u2013 41423740<\/p>\n\n\n\n<p><span \n                data-original-string='dGQd1iOA9irw7JkSijhiJw==9fbYtFMhkbt5a4A9WkYZeBnWsc5fPhXRZZqKFpgpRX4OqY='\n                class='apbct-email-encoder'\n                title='Dieser Kontakt wurde von Anti-Spam by CleanTalk verschl\u00fcsselt. Klicken Sie hier, um ihn zu entschl\u00fcsseln. Um die Entschl\u00fcsselung abzuschlie\u00dfen, stellen Sie sicher, dass JavaScript in Ihrem Browser aktiviert ist.'>in<span class=\"apbct-blur\">**<\/span>@<span class=\"apbct-blur\">**************<\/span>rk.de<\/span><\/p>\n\n\n\n<p>USt.-ID: DE326853450<\/p>\n","protected":false},"excerpt":{"rendered":"<p>Verantwortlich f\u00fcr den Inhalt: RecyclingNetwork Ralf Hollax Bichler Str. 21A81479 M\u00fcnchen 089 \u2013 41423740 in**@**************rk.de USt.-ID: DE326853450<\/p>\n","protected":false},"author":1,"featured_media":0,"parent":0,"menu_order":0,"comment_status":"closed","ping_status":"closed","template":"","meta":{"footnotes":""},"class_list":["post-1490","page","type-page","status-publish","hentry"],"yoast_head":"<!-- This site is optimized with the Yoast SEO plugin v27.4 - https:\/\/yoast.com\/product\/yoast-seo-wordpress\/ -->\n<title>Impressum - Recycling Network<\/title>\n<meta name=\"robots\" content=\"index, follow, max-snippet:-1, max-image-preview:large, max-video-preview:-1\" \/>\n<link rel=\"canonical\" href=\"https:\/\/recyclingnetwork.de\/?page_id=1490\" \/>\n<meta property=\"og:locale\" content=\"de_DE\" \/>\n<meta property=\"og:type\" content=\"article\" \/>\n<meta property=\"og:title\" content=\"Impressum - Recycling Network\" \/>\n<meta property=\"og:description\" content=\"Verantwortlich f\u00fcr den Inhalt: RecyclingNetwork Ralf Hollax Bichler Str. 21A81479 M\u00fcnchen 089 \u2013 41423740 in**@**************rk.de USt.-ID: DE326853450\" \/>\n<meta property=\"og:url\" content=\"https:\/\/recyclingnetwork.de\/?page_id=1490\" \/>\n<meta property=\"og:site_name\" content=\"Recycling Network\" \/>\n<meta property=\"article:modified_time\" content=\"2026-04-13T07:46:21+00:00\" \/>\n<meta name=\"twitter:card\" content=\"summary_large_image\" \/>\n<meta name=\"twitter:label1\" content=\"Gesch\u00e4tzte Lesezeit\" \/>\n\t<meta name=\"twitter:data1\" content=\"1\u00a0Minute\" \/>\n<script type=\"application\/ld+json\" class=\"yoast-schema-graph\">{\"@context\":\"https:\\\/\\\/schema.org\",\"@graph\":[{\"@type\":\"WebPage\",\"@id\":\"https:\\\/\\\/recyclingnetwork.de\\\/?page_id=1490\",\"url\":\"https:\\\/\\\/recyclingnetwork.de\\\/?page_id=1490\",\"name\":\"Impressum - Recycling Network\",\"isPartOf\":{\"@id\":\"https:\\\/\\\/recyclingnetwork.de\\\/#website\"},\"datePublished\":\"2022-10-24T14:32:35+00:00\",\"dateModified\":\"2026-04-13T07:46:21+00:00\",\"breadcrumb\":{\"@id\":\"https:\\\/\\\/recyclingnetwork.de\\\/?page_id=1490#breadcrumb\"},\"inLanguage\":\"de\",\"potentialAction\":[{\"@type\":\"ReadAction\",\"target\":[\"https:\\\/\\\/recyclingnetwork.de\\\/?page_id=1490\"]}]},{\"@type\":\"BreadcrumbList\",\"@id\":\"https:\\\/\\\/recyclingnetwork.de\\\/?page_id=1490#breadcrumb\",\"itemListElement\":[{\"@type\":\"ListItem\",\"position\":1,\"name\":\"Startseite\",\"item\":\"https:\\\/\\\/recyclingnetwork.de\\\/\"},{\"@type\":\"ListItem\",\"position\":2,\"name\":\"Impressum\"}]},{\"@type\":\"WebSite\",\"@id\":\"https:\\\/\\\/recyclingnetwork.de\\\/#website\",\"url\":\"https:\\\/\\\/recyclingnetwork.de\\\/\",\"name\":\"Recycling Network\",\"description\":\"RecyclingNetwork Portal\",\"publisher\":{\"@id\":\"https:\\\/\\\/recyclingnetwork.de\\\/#organization\"},\"potentialAction\":[{\"@type\":\"SearchAction\",\"target\":{\"@type\":\"EntryPoint\",\"urlTemplate\":\"https:\\\/\\\/recyclingnetwork.de\\\/?s={search_term_string}\"},\"query-input\":{\"@type\":\"PropertyValueSpecification\",\"valueRequired\":true,\"valueName\":\"search_term_string\"}}],\"inLanguage\":\"de\"},{\"@type\":\"Organization\",\"@id\":\"https:\\\/\\\/recyclingnetwork.de\\\/#organization\",\"name\":\"Recycling Network\",\"url\":\"https:\\\/\\\/recyclingnetwork.de\\\/\",\"logo\":{\"@type\":\"ImageObject\",\"inLanguage\":\"de\",\"@id\":\"https:\\\/\\\/recyclingnetwork.de\\\/#\\\/schema\\\/logo\\\/image\\\/\",\"url\":\"https:\\\/\\\/recyclingnetwork.de\\\/wordpress\\\/wp-content\\\/uploads\\\/2022\\\/10\\\/logo_left.png\",\"contentUrl\":\"https:\\\/\\\/recyclingnetwork.de\\\/wordpress\\\/wp-content\\\/uploads\\\/2022\\\/10\\\/logo_left.png\",\"width\":203,\"height\":66,\"caption\":\"Recycling Network\"},\"image\":{\"@id\":\"https:\\\/\\\/recyclingnetwork.de\\\/#\\\/schema\\\/logo\\\/image\\\/\"}}]}<\/script>\n<!-- \/ Yoast SEO plugin. -->","yoast_head_json":{"title":"Impressum - Recycling Network","robots":{"index":"index","follow":"follow","max-snippet":"max-snippet:-1","max-image-preview":"max-image-preview:large","max-video-preview":"max-video-preview:-1"},"canonical":"https:\/\/recyclingnetwork.de\/?page_id=1490","og_locale":"de_DE","og_type":"article","og_title":"Impressum - Recycling Network","og_description":"Verantwortlich f\u00fcr den Inhalt: RecyclingNetwork Ralf Hollax Bichler Str. 21A81479 M\u00fcnchen 089 \u2013 41423740 in**@**************rk.de USt.-ID: DE326853450","og_url":"https:\/\/recyclingnetwork.de\/?page_id=1490","og_site_name":"Recycling Network","article_modified_time":"2026-04-13T07:46:21+00:00","twitter_card":"summary_large_image","twitter_misc":{"Gesch\u00e4tzte Lesezeit":"1\u00a0Minute"},"schema":{"@context":"https:\/\/schema.org","@graph":[{"@type":"WebPage","@id":"https:\/\/recyclingnetwork.de\/?page_id=1490","url":"https:\/\/recyclingnetwork.de\/?page_id=1490","name":"Impressum - Recycling Network","isPartOf":{"@id":"https:\/\/recyclingnetwork.de\/#website"},"datePublished":"2022-10-24T14:32:35+00:00","dateModified":"2026-04-13T07:46:21+00:00","breadcrumb":{"@id":"https:\/\/recyclingnetwork.de\/?page_id=1490#breadcrumb"},"inLanguage":"de","potentialAction":[{"@type":"ReadAction","target":["https:\/\/recyclingnetwork.de\/?page_id=1490"]}]},{"@type":"BreadcrumbList","@id":"https:\/\/recyclingnetwork.de\/?page_id=1490#breadcrumb","itemListElement":[{"@type":"ListItem","position":1,"name":"Startseite","item":"https:\/\/recyclingnetwork.de\/"},{"@type":"ListItem","position":2,"name":"Impressum"}]},{"@type":"WebSite","@id":"https:\/\/recyclingnetwork.de\/#website","url":"https:\/\/recyclingnetwork.de\/","name":"Recycling Network","description":"RecyclingNetwork Portal","publisher":{"@id":"https:\/\/recyclingnetwork.de\/#organization"},"potentialAction":[{"@type":"SearchAction","target":{"@type":"EntryPoint","urlTemplate":"https:\/\/recyclingnetwork.de\/?s={search_term_string}"},"query-input":{"@type":"PropertyValueSpecification","valueRequired":true,"valueName":"search_term_string"}}],"inLanguage":"de"},{"@type":"Organization","@id":"https:\/\/recyclingnetwork.de\/#organization","name":"Recycling Network","url":"https:\/\/recyclingnetwork.de\/","logo":{"@type":"ImageObject","inLanguage":"de","@id":"https:\/\/recyclingnetwork.de\/#\/schema\/logo\/image\/","url":"https:\/\/recyclingnetwork.de\/wordpress\/wp-content\/uploads\/2022\/10\/logo_left.png","contentUrl":"https:\/\/recyclingnetwork.de\/wordpress\/wp-content\/uploads\/2022\/10\/logo_left.png","width":203,"height":66,"caption":"Recycling Network"},"image":{"@id":"https:\/\/recyclingnetwork.de\/#\/schema\/logo\/image\/"}}]}},"_links":{"self":[{"href":"https:\/\/recyclingnetwork.de\/index.php?rest_route=\/wp\/v2\/pages\/1490","targetHints":{"allow":["GET"]}}],"collection":[{"href":"https:\/\/recyclingnetwork.de\/index.php?rest_route=\/wp\/v2\/pages"}],"about":[{"href":"https:\/\/recyclingnetwork.de\/index.php?rest_route=\/wp\/v2\/types\/page"}],"author":[{"embeddable":true,"href":"https:\/\/recyclingnetwork.de\/index.php?rest_route=\/wp\/v2\/users\/1"}],"replies":[{"embeddable":true,"href":"https:\/\/recyclingnetwork.de\/index.php?rest_route=%2Fwp%2Fv2%2Fcomments&post=1490"}],"version-history":[{"count":2,"href":"https:\/\/recyclingnetwork.de\/index.php?rest_route=\/wp\/v2\/pages\/1490\/revisions"}],"predecessor-version":[{"id":39002,"href":"https:\/\/recyclingnetwork.de\/index.php?rest_route=\/wp\/v2\/pages\/1490\/revisions\/39002"}],"wp:attachment":[{"href":"https:\/\/recyclingnetwork.de\/index.php?rest_route=%2Fwp%2Fv2%2Fmedia&parent=1490"}],"curies":[{"name":"wp","href":"https:\/\/api.w.org\/{rel}","templated":true}]}}