{"id":1511,"date":"2022-10-26T07:30:20","date_gmt":"2022-10-26T07:30:20","guid":{"rendered":"https:\/\/recyclingnetwork.de\/?page_id=1511"},"modified":"2022-10-26T09:02:59","modified_gmt":"2022-10-26T09:02:59","slug":"marktplatz-partner","status":"publish","type":"page","link":"https:\/\/recyclingnetwork.de\/?page_id=1511","title":{"rendered":"Marktplatz Partner"},"content":{"rendered":"\n<ul class=\"wp-block-list\"><li>Kein Risiko: Sie zahlen nur f\u00fcr erfolgreich abgeschlossene Bestellungen. Recycling-Network erhebt keine Grundgeb\u00fchr und Sie k\u00f6nnen sich jederzeit abmelden. Wir \u00fcbernehmen die Zahlungsabwicklung mit dem Kunden.<\/li><li>Attraktive Provisionss\u00e4tze: Wir bieten Ihnen \u00e4u\u00dferst konkurrenzf\u00e4hige Provisions\u00e4tze f\u00fcr die Nutzung unseres Markplatzes. Die H\u00f6he der Provision liegt bei 2% vom Verkaufswert, plus die Geb\u00fchren der Zahlungsabwicklung durch Stripe oder PayPal.<\/li><\/ul>\n\n\n\n<p>Recycling Network stellt Ihnen als Entsorger, sowie den Kunden einen Rahmen zur direkten Abwicklung der Zahlung zur Verf\u00fcgung. Recycling-Network ist zu keiner Zeit in die Abwicklung dieser Zahlung involviert. Es ist sichergestellt, dass Recycling Network zu keiner Zeit, weder auf das Geld des Kunden noch des Auftragnehmers, Zugriff hat bzw. jeweils dar\u00fcber verf\u00fcgen kann. Die eigentliche Zahlungsdienstleistung erfolgt von dem Zahlungsdienstleister Stripe Payments Europe, Ltd <\/p>\n\n\n\n<p><\/p>\n","protected":false},"excerpt":{"rendered":"<p>Kein Risiko: Sie zahlen nur f\u00fcr erfolgreich abgeschlossene Bestellungen. Recycling-Network erhebt keine Grundgeb\u00fchr und Sie k\u00f6nnen sich jederzeit abmelden. Wir \u00fcbernehmen die Zahlungsabwicklung mit dem Kunden. Attraktive Provisionss\u00e4tze: Wir bieten &#8230;<\/p>\n","protected":false},"author":1,"featured_media":0,"parent":0,"menu_order":0,"comment_status":"closed","ping_status":"closed","template":"","meta":{"footnotes":""},"class_list":["post-1511","page","type-page","status-publish","hentry"],"yoast_head":"<!-- This site is optimized with the Yoast SEO plugin v27.4 - https:\/\/yoast.com\/product\/yoast-seo-wordpress\/ -->\n<title>Marktplatz Partner - Recycling Network<\/title>\n<meta name=\"robots\" content=\"index, follow, max-snippet:-1, max-image-preview:large, max-video-preview:-1\" \/>\n<link rel=\"canonical\" href=\"https:\/\/recyclingnetwork.de\/?page_id=1511\" \/>\n<meta property=\"og:locale\" content=\"de_DE\" \/>\n<meta property=\"og:type\" content=\"article\" \/>\n<meta property=\"og:title\" content=\"Marktplatz Partner - Recycling Network\" \/>\n<meta property=\"og:description\" content=\"Kein Risiko: Sie zahlen nur f\u00fcr erfolgreich abgeschlossene Bestellungen. Recycling-Network erhebt keine Grundgeb\u00fchr und Sie k\u00f6nnen sich jederzeit abmelden. Wir \u00fcbernehmen die Zahlungsabwicklung mit dem Kunden. Attraktive Provisionss\u00e4tze: Wir bieten ...\" \/>\n<meta property=\"og:url\" content=\"https:\/\/recyclingnetwork.de\/?page_id=1511\" \/>\n<meta property=\"og:site_name\" content=\"Recycling Network\" \/>\n<meta property=\"article:modified_time\" content=\"2022-10-26T09:02:59+00:00\" \/>\n<meta name=\"twitter:card\" content=\"summary_large_image\" \/>\n<meta name=\"twitter:label1\" content=\"Gesch\u00e4tzte Lesezeit\" \/>\n\t<meta name=\"twitter:data1\" content=\"1\u00a0Minute\" \/>\n<script type=\"application\/ld+json\" class=\"yoast-schema-graph\">{\"@context\":\"https:\\\/\\\/schema.org\",\"@graph\":[{\"@type\":\"WebPage\",\"@id\":\"https:\\\/\\\/recyclingnetwork.de\\\/?page_id=1511\",\"url\":\"https:\\\/\\\/recyclingnetwork.de\\\/?page_id=1511\",\"name\":\"Marktplatz Partner - Recycling Network\",\"isPartOf\":{\"@id\":\"https:\\\/\\\/recyclingnetwork.de\\\/#website\"},\"datePublished\":\"2022-10-26T07:30:20+00:00\",\"dateModified\":\"2022-10-26T09:02:59+00:00\",\"breadcrumb\":{\"@id\":\"https:\\\/\\\/recyclingnetwork.de\\\/?page_id=1511#breadcrumb\"},\"inLanguage\":\"de\",\"potentialAction\":[{\"@type\":\"ReadAction\",\"target\":[\"https:\\\/\\\/recyclingnetwork.de\\\/?page_id=1511\"]}]},{\"@type\":\"BreadcrumbList\",\"@id\":\"https:\\\/\\\/recyclingnetwork.de\\\/?page_id=1511#breadcrumb\",\"itemListElement\":[{\"@type\":\"ListItem\",\"position\":1,\"name\":\"Startseite\",\"item\":\"https:\\\/\\\/recyclingnetwork.de\\\/\"},{\"@type\":\"ListItem\",\"position\":2,\"name\":\"Marktplatz Partner\"}]},{\"@type\":\"WebSite\",\"@id\":\"https:\\\/\\\/recyclingnetwork.de\\\/#website\",\"url\":\"https:\\\/\\\/recyclingnetwork.de\\\/\",\"name\":\"Recycling Network\",\"description\":\"RecyclingNetwork Portal\",\"publisher\":{\"@id\":\"https:\\\/\\\/recyclingnetwork.de\\\/#organization\"},\"potentialAction\":[{\"@type\":\"SearchAction\",\"target\":{\"@type\":\"EntryPoint\",\"urlTemplate\":\"https:\\\/\\\/recyclingnetwork.de\\\/?s={search_term_string}\"},\"query-input\":{\"@type\":\"PropertyValueSpecification\",\"valueRequired\":true,\"valueName\":\"search_term_string\"}}],\"inLanguage\":\"de\"},{\"@type\":\"Organization\",\"@id\":\"https:\\\/\\\/recyclingnetwork.de\\\/#organization\",\"name\":\"Recycling Network\",\"url\":\"https:\\\/\\\/recyclingnetwork.de\\\/\",\"logo\":{\"@type\":\"ImageObject\",\"inLanguage\":\"de\",\"@id\":\"https:\\\/\\\/recyclingnetwork.de\\\/#\\\/schema\\\/logo\\\/image\\\/\",\"url\":\"https:\\\/\\\/recyclingnetwork.de\\\/wordpress\\\/wp-content\\\/uploads\\\/2022\\\/10\\\/logo_left.png\",\"contentUrl\":\"https:\\\/\\\/recyclingnetwork.de\\\/wordpress\\\/wp-content\\\/uploads\\\/2022\\\/10\\\/logo_left.png\",\"width\":203,\"height\":66,\"caption\":\"Recycling Network\"},\"image\":{\"@id\":\"https:\\\/\\\/recyclingnetwork.de\\\/#\\\/schema\\\/logo\\\/image\\\/\"}}]}<\/script>\n<!-- \/ Yoast SEO plugin. -->","yoast_head_json":{"title":"Marktplatz Partner - Recycling Network","robots":{"index":"index","follow":"follow","max-snippet":"max-snippet:-1","max-image-preview":"max-image-preview:large","max-video-preview":"max-video-preview:-1"},"canonical":"https:\/\/recyclingnetwork.de\/?page_id=1511","og_locale":"de_DE","og_type":"article","og_title":"Marktplatz Partner - Recycling Network","og_description":"Kein Risiko: Sie zahlen nur f\u00fcr erfolgreich abgeschlossene Bestellungen. Recycling-Network erhebt keine Grundgeb\u00fchr und Sie k\u00f6nnen sich jederzeit abmelden. Wir \u00fcbernehmen die Zahlungsabwicklung mit dem Kunden. Attraktive Provisionss\u00e4tze: Wir bieten ...","og_url":"https:\/\/recyclingnetwork.de\/?page_id=1511","og_site_name":"Recycling Network","article_modified_time":"2022-10-26T09:02:59+00:00","twitter_card":"summary_large_image","twitter_misc":{"Gesch\u00e4tzte Lesezeit":"1\u00a0Minute"},"schema":{"@context":"https:\/\/schema.org","@graph":[{"@type":"WebPage","@id":"https:\/\/recyclingnetwork.de\/?page_id=1511","url":"https:\/\/recyclingnetwork.de\/?page_id=1511","name":"Marktplatz Partner - Recycling Network","isPartOf":{"@id":"https:\/\/recyclingnetwork.de\/#website"},"datePublished":"2022-10-26T07:30:20+00:00","dateModified":"2022-10-26T09:02:59+00:00","breadcrumb":{"@id":"https:\/\/recyclingnetwork.de\/?page_id=1511#breadcrumb"},"inLanguage":"de","potentialAction":[{"@type":"ReadAction","target":["https:\/\/recyclingnetwork.de\/?page_id=1511"]}]},{"@type":"BreadcrumbList","@id":"https:\/\/recyclingnetwork.de\/?page_id=1511#breadcrumb","itemListElement":[{"@type":"ListItem","position":1,"name":"Startseite","item":"https:\/\/recyclingnetwork.de\/"},{"@type":"ListItem","position":2,"name":"Marktplatz Partner"}]},{"@type":"WebSite","@id":"https:\/\/recyclingnetwork.de\/#website","url":"https:\/\/recyclingnetwork.de\/","name":"Recycling Network","description":"RecyclingNetwork Portal","publisher":{"@id":"https:\/\/recyclingnetwork.de\/#organization"},"potentialAction":[{"@type":"SearchAction","target":{"@type":"EntryPoint","urlTemplate":"https:\/\/recyclingnetwork.de\/?s={search_term_string}"},"query-input":{"@type":"PropertyValueSpecification","valueRequired":true,"valueName":"search_term_string"}}],"inLanguage":"de"},{"@type":"Organization","@id":"https:\/\/recyclingnetwork.de\/#organization","name":"Recycling Network","url":"https:\/\/recyclingnetwork.de\/","logo":{"@type":"ImageObject","inLanguage":"de","@id":"https:\/\/recyclingnetwork.de\/#\/schema\/logo\/image\/","url":"https:\/\/recyclingnetwork.de\/wordpress\/wp-content\/uploads\/2022\/10\/logo_left.png","contentUrl":"https:\/\/recyclingnetwork.de\/wordpress\/wp-content\/uploads\/2022\/10\/logo_left.png","width":203,"height":66,"caption":"Recycling Network"},"image":{"@id":"https:\/\/recyclingnetwork.de\/#\/schema\/logo\/image\/"}}]}},"_links":{"self":[{"href":"https:\/\/recyclingnetwork.de\/index.php?rest_route=\/wp\/v2\/pages\/1511","targetHints":{"allow":["GET"]}}],"collection":[{"href":"https:\/\/recyclingnetwork.de\/index.php?rest_route=\/wp\/v2\/pages"}],"about":[{"href":"https:\/\/recyclingnetwork.de\/index.php?rest_route=\/wp\/v2\/types\/page"}],"author":[{"embeddable":true,"href":"https:\/\/recyclingnetwork.de\/index.php?rest_route=\/wp\/v2\/users\/1"}],"replies":[{"embeddable":true,"href":"https:\/\/recyclingnetwork.de\/index.php?rest_route=%2Fwp%2Fv2%2Fcomments&post=1511"}],"version-history":[{"count":4,"href":"https:\/\/recyclingnetwork.de\/index.php?rest_route=\/wp\/v2\/pages\/1511\/revisions"}],"predecessor-version":[{"id":1523,"href":"https:\/\/recyclingnetwork.de\/index.php?rest_route=\/wp\/v2\/pages\/1511\/revisions\/1523"}],"wp:attachment":[{"href":"https:\/\/recyclingnetwork.de\/index.php?rest_route=%2Fwp%2Fv2%2Fmedia&parent=1511"}],"curies":[{"name":"wp","href":"https:\/\/api.w.org\/{rel}","templated":true}]}}