{"id":1542,"date":"2022-10-26T15:38:35","date_gmt":"2022-10-26T15:38:35","guid":{"rendered":"https:\/\/recyclingnetwork.de\/?page_id=1542"},"modified":"2022-11-14T14:15:27","modified_gmt":"2022-11-14T14:15:27","slug":"einrichtung-des-shops","status":"publish","type":"page","link":"https:\/\/recyclingnetwork.de\/?page_id=1542","title":{"rendered":"Einrichtung des Shops"},"content":{"rendered":"\n<h4 class=\"wp-block-heading\">Die Einrichtung des Shops ist denkbar einfach.<\/h4>\n\n\n\n<div class=\"wp-block-media-text alignwide has-media-on-the-right is-stacked-on-mobile\"><div class=\"wp-block-media-text__content\">\n<p>Nach \u00dcberpr\u00fcfung und Freischaltung schicken wir Ihnen die Zugangsdaten zum Backend und eine Bedienungsanleitung zu. Dort k\u00f6nnen Sie dann Ihre Daten erg\u00e4nzen und den Shop einrichten. Sie erhalten <\/p>\n\n\n\n<p>Vervollst\u00e4ndigen Sie Ihre Firmendaten und laden Sie Ihr Firmenlogo hoch.<\/p>\n\n\n\n<p>Eingabe der Container und Containergr\u00f6ssen<\/p>\n\n\n\n<p>Festlegung der Verkaufspreise<\/p>\n\n\n\n<p>F\u00fcr die Container-Darstellung im Shop k\u00f6nnen Sie Ihre eigenen Grafiken hochladen oder unsere Grafiken nehmen. <\/p>\n\n\n\n<p>Die Darstellung im Onlineshop sollte m\u00f6glichst nach Ihrem CI erfolgen, d.h. wir werden Ihnen die Container Grafiken in entsprechenden Farben zur Verf\u00fcgung stellen.<\/p>\n\n\n\n<p>Legen Sie fest, wie die Kundenzahlungen erfolgen soll (z.B. Kreditkarte oder Zahlung vor Ort).<\/p>\n\n\n\n<p>Da der Vertrag zwischen Ihnen und dem Kunden zustande kommt, k\u00f6nnen m\u00fcssen noch ihre eigenen AGB hochgeladen werden.<\/p>\n\n\n\n<p>Vergessen Sie bitte nicht die PLZ Ihres Einzugsgebietes einzugeben unter denen Sie gefunden werden m\u00f6chten.<\/p>\n\n\n\n<p>Geben Sie Ihre Fahrer ein, wenn Sie diese auch \u00fcber das Backend verwalten m\u00f6chten.<\/p>\n\n\n\n<p>Bei Bestellungen erhalten Sie eine E-Mail mit den Buchungsdaten. Die vollst\u00e4ndigen Daten der Kunden sind dann im Backend gespeichert und k\u00f6nnen dort weiter verarbeitet werden.<\/p>\n<\/div><figure class=\"wp-block-media-text__media\"><img loading=\"lazy\" decoding=\"async\" width=\"539\" height=\"822\" src=\"https:\/\/recyclingnetwork.de\/wordpress\/wp-content\/uploads\/2022\/10\/container-uebersicht.jpg\" alt=\"\" class=\"wp-image-1543 size-full\" srcset=\"https:\/\/recyclingnetwork.de\/wordpress\/wp-content\/uploads\/2022\/10\/container-uebersicht.jpg 539w, https:\/\/recyclingnetwork.de\/wordpress\/wp-content\/uploads\/2022\/10\/container-uebersicht-197x300.jpg 197w\" sizes=\"auto, (max-width: 539px) 100vw, 539px\" \/><\/figure><\/div>\n","protected":false},"excerpt":{"rendered":"<p>Die Einrichtung des Shops ist denkbar einfach. Nach \u00dcberpr\u00fcfung und Freischaltung schicken wir Ihnen die Zugangsdaten zum Backend und eine Bedienungsanleitung zu. Dort k\u00f6nnen Sie dann Ihre Daten erg\u00e4nzen und &#8230;<\/p>\n","protected":false},"author":1,"featured_media":0,"parent":0,"menu_order":0,"comment_status":"closed","ping_status":"closed","template":"","meta":{"footnotes":""},"class_list":["post-1542","page","type-page","status-publish","hentry"],"yoast_head":"<!-- This site is optimized with the Yoast SEO plugin v27.4 - https:\/\/yoast.com\/product\/yoast-seo-wordpress\/ -->\n<title>Einrichtung des Shops - Recycling Network<\/title>\n<meta name=\"robots\" content=\"index, follow, max-snippet:-1, max-image-preview:large, max-video-preview:-1\" \/>\n<link rel=\"canonical\" href=\"https:\/\/recyclingnetwork.de\/?page_id=1542\" \/>\n<meta property=\"og:locale\" content=\"de_DE\" \/>\n<meta property=\"og:type\" content=\"article\" \/>\n<meta property=\"og:title\" content=\"Einrichtung des Shops - Recycling Network\" \/>\n<meta property=\"og:description\" content=\"Die Einrichtung des Shops ist denkbar einfach. Nach \u00dcberpr\u00fcfung und Freischaltung schicken wir Ihnen die Zugangsdaten zum Backend und eine Bedienungsanleitung zu. Dort k\u00f6nnen Sie dann Ihre Daten erg\u00e4nzen und ...\" \/>\n<meta property=\"og:url\" content=\"https:\/\/recyclingnetwork.de\/?page_id=1542\" \/>\n<meta property=\"og:site_name\" content=\"Recycling Network\" \/>\n<meta property=\"article:modified_time\" content=\"2022-11-14T14:15:27+00:00\" \/>\n<meta property=\"og:image\" content=\"https:\/\/recyclingnetwork.de\/wordpress\/wp-content\/uploads\/2022\/10\/container-uebersicht.jpg\" \/>\n<meta name=\"twitter:card\" content=\"summary_large_image\" \/>\n<meta name=\"twitter:label1\" content=\"Gesch\u00e4tzte Lesezeit\" \/>\n\t<meta name=\"twitter:data1\" content=\"2\u00a0Minuten\" \/>\n<script type=\"application\/ld+json\" class=\"yoast-schema-graph\">{\"@context\":\"https:\\\/\\\/schema.org\",\"@graph\":[{\"@type\":\"WebPage\",\"@id\":\"https:\\\/\\\/recyclingnetwork.de\\\/?page_id=1542\",\"url\":\"https:\\\/\\\/recyclingnetwork.de\\\/?page_id=1542\",\"name\":\"Einrichtung des Shops - Recycling Network\",\"isPartOf\":{\"@id\":\"https:\\\/\\\/recyclingnetwork.de\\\/#website\"},\"primaryImageOfPage\":{\"@id\":\"https:\\\/\\\/recyclingnetwork.de\\\/?page_id=1542#primaryimage\"},\"image\":{\"@id\":\"https:\\\/\\\/recyclingnetwork.de\\\/?page_id=1542#primaryimage\"},\"thumbnailUrl\":\"https:\\\/\\\/recyclingnetwork.de\\\/wordpress\\\/wp-content\\\/uploads\\\/2022\\\/10\\\/container-uebersicht.jpg\",\"datePublished\":\"2022-10-26T15:38:35+00:00\",\"dateModified\":\"2022-11-14T14:15:27+00:00\",\"breadcrumb\":{\"@id\":\"https:\\\/\\\/recyclingnetwork.de\\\/?page_id=1542#breadcrumb\"},\"inLanguage\":\"de\",\"potentialAction\":[{\"@type\":\"ReadAction\",\"target\":[\"https:\\\/\\\/recyclingnetwork.de\\\/?page_id=1542\"]}]},{\"@type\":\"ImageObject\",\"inLanguage\":\"de\",\"@id\":\"https:\\\/\\\/recyclingnetwork.de\\\/?page_id=1542#primaryimage\",\"url\":\"https:\\\/\\\/recyclingnetwork.de\\\/wordpress\\\/wp-content\\\/uploads\\\/2022\\\/10\\\/container-uebersicht.jpg\",\"contentUrl\":\"https:\\\/\\\/recyclingnetwork.de\\\/wordpress\\\/wp-content\\\/uploads\\\/2022\\\/10\\\/container-uebersicht.jpg\",\"width\":539,\"height\":822},{\"@type\":\"BreadcrumbList\",\"@id\":\"https:\\\/\\\/recyclingnetwork.de\\\/?page_id=1542#breadcrumb\",\"itemListElement\":[{\"@type\":\"ListItem\",\"position\":1,\"name\":\"Startseite\",\"item\":\"https:\\\/\\\/recyclingnetwork.de\\\/\"},{\"@type\":\"ListItem\",\"position\":2,\"name\":\"Einrichtung des Shops\"}]},{\"@type\":\"WebSite\",\"@id\":\"https:\\\/\\\/recyclingnetwork.de\\\/#website\",\"url\":\"https:\\\/\\\/recyclingnetwork.de\\\/\",\"name\":\"Recycling Network\",\"description\":\"RecyclingNetwork Portal\",\"publisher\":{\"@id\":\"https:\\\/\\\/recyclingnetwork.de\\\/#organization\"},\"potentialAction\":[{\"@type\":\"SearchAction\",\"target\":{\"@type\":\"EntryPoint\",\"urlTemplate\":\"https:\\\/\\\/recyclingnetwork.de\\\/?s={search_term_string}\"},\"query-input\":{\"@type\":\"PropertyValueSpecification\",\"valueRequired\":true,\"valueName\":\"search_term_string\"}}],\"inLanguage\":\"de\"},{\"@type\":\"Organization\",\"@id\":\"https:\\\/\\\/recyclingnetwork.de\\\/#organization\",\"name\":\"Recycling Network\",\"url\":\"https:\\\/\\\/recyclingnetwork.de\\\/\",\"logo\":{\"@type\":\"ImageObject\",\"inLanguage\":\"de\",\"@id\":\"https:\\\/\\\/recyclingnetwork.de\\\/#\\\/schema\\\/logo\\\/image\\\/\",\"url\":\"https:\\\/\\\/recyclingnetwork.de\\\/wordpress\\\/wp-content\\\/uploads\\\/2022\\\/10\\\/logo_left.png\",\"contentUrl\":\"https:\\\/\\\/recyclingnetwork.de\\\/wordpress\\\/wp-content\\\/uploads\\\/2022\\\/10\\\/logo_left.png\",\"width\":203,\"height\":66,\"caption\":\"Recycling Network\"},\"image\":{\"@id\":\"https:\\\/\\\/recyclingnetwork.de\\\/#\\\/schema\\\/logo\\\/image\\\/\"}}]}<\/script>\n<!-- \/ Yoast SEO plugin. -->","yoast_head_json":{"title":"Einrichtung des Shops - Recycling Network","robots":{"index":"index","follow":"follow","max-snippet":"max-snippet:-1","max-image-preview":"max-image-preview:large","max-video-preview":"max-video-preview:-1"},"canonical":"https:\/\/recyclingnetwork.de\/?page_id=1542","og_locale":"de_DE","og_type":"article","og_title":"Einrichtung des Shops - Recycling Network","og_description":"Die Einrichtung des Shops ist denkbar einfach. Nach \u00dcberpr\u00fcfung und Freischaltung schicken wir Ihnen die Zugangsdaten zum Backend und eine Bedienungsanleitung zu. Dort k\u00f6nnen Sie dann Ihre Daten erg\u00e4nzen und ...","og_url":"https:\/\/recyclingnetwork.de\/?page_id=1542","og_site_name":"Recycling Network","article_modified_time":"2022-11-14T14:15:27+00:00","og_image":[{"url":"https:\/\/recyclingnetwork.de\/wordpress\/wp-content\/uploads\/2022\/10\/container-uebersicht.jpg","type":"","width":"","height":""}],"twitter_card":"summary_large_image","twitter_misc":{"Gesch\u00e4tzte Lesezeit":"2\u00a0Minuten"},"schema":{"@context":"https:\/\/schema.org","@graph":[{"@type":"WebPage","@id":"https:\/\/recyclingnetwork.de\/?page_id=1542","url":"https:\/\/recyclingnetwork.de\/?page_id=1542","name":"Einrichtung des Shops - Recycling Network","isPartOf":{"@id":"https:\/\/recyclingnetwork.de\/#website"},"primaryImageOfPage":{"@id":"https:\/\/recyclingnetwork.de\/?page_id=1542#primaryimage"},"image":{"@id":"https:\/\/recyclingnetwork.de\/?page_id=1542#primaryimage"},"thumbnailUrl":"https:\/\/recyclingnetwork.de\/wordpress\/wp-content\/uploads\/2022\/10\/container-uebersicht.jpg","datePublished":"2022-10-26T15:38:35+00:00","dateModified":"2022-11-14T14:15:27+00:00","breadcrumb":{"@id":"https:\/\/recyclingnetwork.de\/?page_id=1542#breadcrumb"},"inLanguage":"de","potentialAction":[{"@type":"ReadAction","target":["https:\/\/recyclingnetwork.de\/?page_id=1542"]}]},{"@type":"ImageObject","inLanguage":"de","@id":"https:\/\/recyclingnetwork.de\/?page_id=1542#primaryimage","url":"https:\/\/recyclingnetwork.de\/wordpress\/wp-content\/uploads\/2022\/10\/container-uebersicht.jpg","contentUrl":"https:\/\/recyclingnetwork.de\/wordpress\/wp-content\/uploads\/2022\/10\/container-uebersicht.jpg","width":539,"height":822},{"@type":"BreadcrumbList","@id":"https:\/\/recyclingnetwork.de\/?page_id=1542#breadcrumb","itemListElement":[{"@type":"ListItem","position":1,"name":"Startseite","item":"https:\/\/recyclingnetwork.de\/"},{"@type":"ListItem","position":2,"name":"Einrichtung des Shops"}]},{"@type":"WebSite","@id":"https:\/\/recyclingnetwork.de\/#website","url":"https:\/\/recyclingnetwork.de\/","name":"Recycling Network","description":"RecyclingNetwork Portal","publisher":{"@id":"https:\/\/recyclingnetwork.de\/#organization"},"potentialAction":[{"@type":"SearchAction","target":{"@type":"EntryPoint","urlTemplate":"https:\/\/recyclingnetwork.de\/?s={search_term_string}"},"query-input":{"@type":"PropertyValueSpecification","valueRequired":true,"valueName":"search_term_string"}}],"inLanguage":"de"},{"@type":"Organization","@id":"https:\/\/recyclingnetwork.de\/#organization","name":"Recycling Network","url":"https:\/\/recyclingnetwork.de\/","logo":{"@type":"ImageObject","inLanguage":"de","@id":"https:\/\/recyclingnetwork.de\/#\/schema\/logo\/image\/","url":"https:\/\/recyclingnetwork.de\/wordpress\/wp-content\/uploads\/2022\/10\/logo_left.png","contentUrl":"https:\/\/recyclingnetwork.de\/wordpress\/wp-content\/uploads\/2022\/10\/logo_left.png","width":203,"height":66,"caption":"Recycling Network"},"image":{"@id":"https:\/\/recyclingnetwork.de\/#\/schema\/logo\/image\/"}}]}},"_links":{"self":[{"href":"https:\/\/recyclingnetwork.de\/index.php?rest_route=\/wp\/v2\/pages\/1542","targetHints":{"allow":["GET"]}}],"collection":[{"href":"https:\/\/recyclingnetwork.de\/index.php?rest_route=\/wp\/v2\/pages"}],"about":[{"href":"https:\/\/recyclingnetwork.de\/index.php?rest_route=\/wp\/v2\/types\/page"}],"author":[{"embeddable":true,"href":"https:\/\/recyclingnetwork.de\/index.php?rest_route=\/wp\/v2\/users\/1"}],"replies":[{"embeddable":true,"href":"https:\/\/recyclingnetwork.de\/index.php?rest_route=%2Fwp%2Fv2%2Fcomments&post=1542"}],"version-history":[{"count":5,"href":"https:\/\/recyclingnetwork.de\/index.php?rest_route=\/wp\/v2\/pages\/1542\/revisions"}],"predecessor-version":[{"id":1614,"href":"https:\/\/recyclingnetwork.de\/index.php?rest_route=\/wp\/v2\/pages\/1542\/revisions\/1614"}],"wp:attachment":[{"href":"https:\/\/recyclingnetwork.de\/index.php?rest_route=%2Fwp%2Fv2%2Fmedia&parent=1542"}],"curies":[{"name":"wp","href":"https:\/\/api.w.org\/{rel}","templated":true}]}}