{"id":1561,"date":"2022-10-28T07:30:04","date_gmt":"2022-10-28T07:30:04","guid":{"rendered":"https:\/\/recyclingnetwork.de\/?page_id=1561"},"modified":"2024-05-13T12:53:14","modified_gmt":"2024-05-13T12:53:14","slug":"kundenbindung","status":"publish","type":"page","link":"https:\/\/recyclingnetwork.de\/?page_id=1561","title":{"rendered":"Kundenbindung"},"content":{"rendered":"\n<h4 class=\"wp-block-heading\">Sie m\u00f6chten Ihre Kunden nach der Containerbestellung auf Recycling-Network an sich binden?<\/h4>\n\n\n\n<p>Mit der Einrichtung eines Shops auf Recycling-Network erhalten Sie als Entsorger gleichzeitig Ihre eigene Webseite, mit eigener URL und eigenem Shop.<\/p>\n\n\n\n<p>Der neugewonnene Kunde wird direkt Ihrem Account zugeordnet. Er erh\u00e4lt seinen eigenen Zugang und kann auch \u00fcber die Webseite direkt bei Ihnen bestellen.<\/p>\n\n\n\n<p>Die Einrichtung der eigenen Webseite ist kostenlos. Die Webseite ist \u00fcber Firmenname.recycling-network.de direkt erreichbar.<\/p>\n\n\n\n<div class=\"wp-block-media-text alignwide is-stacked-on-mobile\"><figure class=\"wp-block-media-text__media\"><img loading=\"lazy\" decoding=\"async\" width=\"1024\" height=\"641\" src=\"https:\/\/recyclingnetwork.de\/wordpress\/wp-content\/uploads\/2022\/10\/app_Kunde-1024x641.jpg\" alt=\"\" class=\"wp-image-1599 size-full\" srcset=\"https:\/\/recyclingnetwork.de\/wordpress\/wp-content\/uploads\/2022\/10\/app_Kunde-1024x641.jpg 1024w, https:\/\/recyclingnetwork.de\/wordpress\/wp-content\/uploads\/2022\/10\/app_Kunde-300x188.jpg 300w, https:\/\/recyclingnetwork.de\/wordpress\/wp-content\/uploads\/2022\/10\/app_Kunde-768x481.jpg 768w, https:\/\/recyclingnetwork.de\/wordpress\/wp-content\/uploads\/2022\/10\/app_Kunde-1536x961.jpg 1536w, https:\/\/recyclingnetwork.de\/wordpress\/wp-content\/uploads\/2022\/10\/app_Kunde-2048x1281.jpg 2048w, https:\/\/recyclingnetwork.de\/wordpress\/wp-content\/uploads\/2022\/10\/app_Kunde-480x300.jpg 480w, https:\/\/recyclingnetwork.de\/wordpress\/wp-content\/uploads\/2022\/10\/app_Kunde-640x400.jpg 640w\" sizes=\"auto, (max-width: 1024px) 100vw, 1024px\" \/><\/figure><div class=\"wp-block-media-text__content\">\n<h4 class=\"wp-block-heading\">Kundenbindung durch eigene individuelle App<\/h4>\n\n\n\n<p>Zus\u00e4tzlich k\u00f6nnen Sie sich Ihre eigene, individuelle App erstellen lassen. <\/p>\n\n\n\n<p>Mit der Recycling-Network App f\u00fcr Android und iPhone kann Ihr Kunde dann seine Bestellungen bequem verwalten. Er kann Container abholen lassen, Tauschen oder auch neue Container direkt bei Ihnen und nicht \u00fcber das Vergleichsportal bestellen.<\/p>\n\n\n\n<p><\/p>\n<\/div><\/div>\n\n\n\n<p><\/p>\n\n\n\n<h4 class=\"wp-block-heading\">F\u00fcr die folgenden Dienstleistungen fallen Geb\u00fchren an:<\/h4>\n\n\n\n<p><strong>Hosting einer eigenen Domain und Erstellung Ihrer eigenen individuellen App<\/strong> f\u00fcr Android und iOS: <br>5000,00 \u20ac\/netto Einrichtungsgeb\u00fchr<br>49,00 \u20ac\/netto \/Monat f\u00fcr Hosting, Wartung und Updates\/Aktualisierungen<\/p>\n\n\n\n<p><strong>Mit der Bestellung und Bezahlung eines Containers fallen die folgenden Geb\u00fchren an<\/strong>: <br>3% bei Vorauszahlung, z.B. Kreditkarte, Sofort oder PayPal, <br>2% bei Zahlung direkt an Entsorger, z.B. per Rechnung oder vor Ort direkt an Entsorger<\/p>\n\n\n\n<p>Die Zahlungsabwicklung auf dem Portal findet \u00fcber Recycling-Network statt, es kann jedoch auch vor Ort bezahlt werden. Sie als Entsorger k\u00f6nnen w\u00e4hlen, welche Zahlungsm\u00f6glichkeiten angeboten oder nicht angeboten werden:<br>Zahlung \u00fcber:<br>Kreditkarte<br>Giropay<br>Sofort\u00fcberweisung<br>PayPal<br>Zahlung vor Ort<\/p>\n\n\n\n<p>Recycling-Network stellt Ihnen als Entsorger, sowie Ihren Kunden einen Rahmen zur direkten Abwicklung der Zahlung zur Verf\u00fcgung. Recycling-Network ist zu keiner Zeit in die Abwicklung dieser Zahlung involviert. Es ist sichergestellt, dass Recycling Network zu keiner Zeit, weder auf das Geld des Auftragnehmers noch des Auftraggebers, Zugriff hat bzw. jeweils dar\u00fcber verf\u00fcgen kann. Die eigentliche Zahlungsdienstleistung erfolgt von dem Zahlungsdienstleister Stripe Payments Europe, Ltd<\/p>\n\n\n\n<p><strong>Einrichtung eines eigenen Zahlungsanbieters (optional):<\/strong><br>Einrichtungsgeb\u00fchr: 300,00 \u20ac\/netto \/einmalig<\/p>\n\n\n\n<p><\/p>\n","protected":false},"excerpt":{"rendered":"<p>Sie m\u00f6chten Ihre Kunden nach der Containerbestellung auf Recycling-Network an sich binden? Mit der Einrichtung eines Shops auf Recycling-Network erhalten Sie als Entsorger gleichzeitig Ihre eigene Webseite, mit eigener URL &#8230;<\/p>\n","protected":false},"author":1,"featured_media":0,"parent":0,"menu_order":0,"comment_status":"closed","ping_status":"closed","template":"","meta":{"footnotes":""},"class_list":["post-1561","page","type-page","status-publish","hentry"],"yoast_head":"<!-- This site is optimized with the Yoast SEO plugin v27.4 - https:\/\/yoast.com\/product\/yoast-seo-wordpress\/ -->\n<title>Kundenbindung - Recycling Network<\/title>\n<meta name=\"robots\" content=\"index, follow, max-snippet:-1, max-image-preview:large, max-video-preview:-1\" \/>\n<link rel=\"canonical\" href=\"https:\/\/recyclingnetwork.de\/?page_id=1561\" \/>\n<meta property=\"og:locale\" content=\"de_DE\" \/>\n<meta property=\"og:type\" content=\"article\" \/>\n<meta property=\"og:title\" content=\"Kundenbindung - Recycling Network\" \/>\n<meta property=\"og:description\" content=\"Sie m\u00f6chten Ihre Kunden nach der Containerbestellung auf Recycling-Network an sich binden? Mit der Einrichtung eines Shops auf Recycling-Network erhalten Sie als Entsorger gleichzeitig Ihre eigene Webseite, mit eigener URL ...\" \/>\n<meta property=\"og:url\" content=\"https:\/\/recyclingnetwork.de\/?page_id=1561\" \/>\n<meta property=\"og:site_name\" content=\"Recycling Network\" \/>\n<meta property=\"article:modified_time\" content=\"2024-05-13T12:53:14+00:00\" \/>\n<meta property=\"og:image\" content=\"https:\/\/recyclingnetwork.de\/wordpress\/wp-content\/uploads\/2022\/10\/app_Kunde-1024x641.jpg\" \/>\n<meta name=\"twitter:card\" content=\"summary_large_image\" \/>\n<meta name=\"twitter:label1\" content=\"Gesch\u00e4tzte Lesezeit\" \/>\n\t<meta name=\"twitter:data1\" content=\"2\u00a0Minuten\" \/>\n<script type=\"application\/ld+json\" class=\"yoast-schema-graph\">{\"@context\":\"https:\\\/\\\/schema.org\",\"@graph\":[{\"@type\":\"WebPage\",\"@id\":\"https:\\\/\\\/recyclingnetwork.de\\\/?page_id=1561\",\"url\":\"https:\\\/\\\/recyclingnetwork.de\\\/?page_id=1561\",\"name\":\"Kundenbindung - Recycling Network\",\"isPartOf\":{\"@id\":\"https:\\\/\\\/recyclingnetwork.de\\\/#website\"},\"primaryImageOfPage\":{\"@id\":\"https:\\\/\\\/recyclingnetwork.de\\\/?page_id=1561#primaryimage\"},\"image\":{\"@id\":\"https:\\\/\\\/recyclingnetwork.de\\\/?page_id=1561#primaryimage\"},\"thumbnailUrl\":\"https:\\\/\\\/recyclingnetwork.de\\\/wordpress\\\/wp-content\\\/uploads\\\/2022\\\/10\\\/app_Kunde-1024x641.jpg\",\"datePublished\":\"2022-10-28T07:30:04+00:00\",\"dateModified\":\"2024-05-13T12:53:14+00:00\",\"breadcrumb\":{\"@id\":\"https:\\\/\\\/recyclingnetwork.de\\\/?page_id=1561#breadcrumb\"},\"inLanguage\":\"de\",\"potentialAction\":[{\"@type\":\"ReadAction\",\"target\":[\"https:\\\/\\\/recyclingnetwork.de\\\/?page_id=1561\"]}]},{\"@type\":\"ImageObject\",\"inLanguage\":\"de\",\"@id\":\"https:\\\/\\\/recyclingnetwork.de\\\/?page_id=1561#primaryimage\",\"url\":\"https:\\\/\\\/recyclingnetwork.de\\\/wordpress\\\/wp-content\\\/uploads\\\/2022\\\/10\\\/app_Kunde.jpg\",\"contentUrl\":\"https:\\\/\\\/recyclingnetwork.de\\\/wordpress\\\/wp-content\\\/uploads\\\/2022\\\/10\\\/app_Kunde.jpg\",\"width\":2271,\"height\":1421},{\"@type\":\"BreadcrumbList\",\"@id\":\"https:\\\/\\\/recyclingnetwork.de\\\/?page_id=1561#breadcrumb\",\"itemListElement\":[{\"@type\":\"ListItem\",\"position\":1,\"name\":\"Startseite\",\"item\":\"https:\\\/\\\/recyclingnetwork.de\\\/\"},{\"@type\":\"ListItem\",\"position\":2,\"name\":\"Kundenbindung\"}]},{\"@type\":\"WebSite\",\"@id\":\"https:\\\/\\\/recyclingnetwork.de\\\/#website\",\"url\":\"https:\\\/\\\/recyclingnetwork.de\\\/\",\"name\":\"Recycling Network\",\"description\":\"RecyclingNetwork Portal\",\"publisher\":{\"@id\":\"https:\\\/\\\/recyclingnetwork.de\\\/#organization\"},\"potentialAction\":[{\"@type\":\"SearchAction\",\"target\":{\"@type\":\"EntryPoint\",\"urlTemplate\":\"https:\\\/\\\/recyclingnetwork.de\\\/?s={search_term_string}\"},\"query-input\":{\"@type\":\"PropertyValueSpecification\",\"valueRequired\":true,\"valueName\":\"search_term_string\"}}],\"inLanguage\":\"de\"},{\"@type\":\"Organization\",\"@id\":\"https:\\\/\\\/recyclingnetwork.de\\\/#organization\",\"name\":\"Recycling Network\",\"url\":\"https:\\\/\\\/recyclingnetwork.de\\\/\",\"logo\":{\"@type\":\"ImageObject\",\"inLanguage\":\"de\",\"@id\":\"https:\\\/\\\/recyclingnetwork.de\\\/#\\\/schema\\\/logo\\\/image\\\/\",\"url\":\"https:\\\/\\\/recyclingnetwork.de\\\/wordpress\\\/wp-content\\\/uploads\\\/2022\\\/10\\\/logo_left.png\",\"contentUrl\":\"https:\\\/\\\/recyclingnetwork.de\\\/wordpress\\\/wp-content\\\/uploads\\\/2022\\\/10\\\/logo_left.png\",\"width\":203,\"height\":66,\"caption\":\"Recycling Network\"},\"image\":{\"@id\":\"https:\\\/\\\/recyclingnetwork.de\\\/#\\\/schema\\\/logo\\\/image\\\/\"}}]}<\/script>\n<!-- \/ Yoast SEO plugin. -->","yoast_head_json":{"title":"Kundenbindung - Recycling Network","robots":{"index":"index","follow":"follow","max-snippet":"max-snippet:-1","max-image-preview":"max-image-preview:large","max-video-preview":"max-video-preview:-1"},"canonical":"https:\/\/recyclingnetwork.de\/?page_id=1561","og_locale":"de_DE","og_type":"article","og_title":"Kundenbindung - Recycling Network","og_description":"Sie m\u00f6chten Ihre Kunden nach der Containerbestellung auf Recycling-Network an sich binden? Mit der Einrichtung eines Shops auf Recycling-Network erhalten Sie als Entsorger gleichzeitig Ihre eigene Webseite, mit eigener URL ...","og_url":"https:\/\/recyclingnetwork.de\/?page_id=1561","og_site_name":"Recycling Network","article_modified_time":"2024-05-13T12:53:14+00:00","og_image":[{"url":"https:\/\/recyclingnetwork.de\/wordpress\/wp-content\/uploads\/2022\/10\/app_Kunde-1024x641.jpg","type":"","width":"","height":""}],"twitter_card":"summary_large_image","twitter_misc":{"Gesch\u00e4tzte Lesezeit":"2\u00a0Minuten"},"schema":{"@context":"https:\/\/schema.org","@graph":[{"@type":"WebPage","@id":"https:\/\/recyclingnetwork.de\/?page_id=1561","url":"https:\/\/recyclingnetwork.de\/?page_id=1561","name":"Kundenbindung - Recycling Network","isPartOf":{"@id":"https:\/\/recyclingnetwork.de\/#website"},"primaryImageOfPage":{"@id":"https:\/\/recyclingnetwork.de\/?page_id=1561#primaryimage"},"image":{"@id":"https:\/\/recyclingnetwork.de\/?page_id=1561#primaryimage"},"thumbnailUrl":"https:\/\/recyclingnetwork.de\/wordpress\/wp-content\/uploads\/2022\/10\/app_Kunde-1024x641.jpg","datePublished":"2022-10-28T07:30:04+00:00","dateModified":"2024-05-13T12:53:14+00:00","breadcrumb":{"@id":"https:\/\/recyclingnetwork.de\/?page_id=1561#breadcrumb"},"inLanguage":"de","potentialAction":[{"@type":"ReadAction","target":["https:\/\/recyclingnetwork.de\/?page_id=1561"]}]},{"@type":"ImageObject","inLanguage":"de","@id":"https:\/\/recyclingnetwork.de\/?page_id=1561#primaryimage","url":"https:\/\/recyclingnetwork.de\/wordpress\/wp-content\/uploads\/2022\/10\/app_Kunde.jpg","contentUrl":"https:\/\/recyclingnetwork.de\/wordpress\/wp-content\/uploads\/2022\/10\/app_Kunde.jpg","width":2271,"height":1421},{"@type":"BreadcrumbList","@id":"https:\/\/recyclingnetwork.de\/?page_id=1561#breadcrumb","itemListElement":[{"@type":"ListItem","position":1,"name":"Startseite","item":"https:\/\/recyclingnetwork.de\/"},{"@type":"ListItem","position":2,"name":"Kundenbindung"}]},{"@type":"WebSite","@id":"https:\/\/recyclingnetwork.de\/#website","url":"https:\/\/recyclingnetwork.de\/","name":"Recycling Network","description":"RecyclingNetwork Portal","publisher":{"@id":"https:\/\/recyclingnetwork.de\/#organization"},"potentialAction":[{"@type":"SearchAction","target":{"@type":"EntryPoint","urlTemplate":"https:\/\/recyclingnetwork.de\/?s={search_term_string}"},"query-input":{"@type":"PropertyValueSpecification","valueRequired":true,"valueName":"search_term_string"}}],"inLanguage":"de"},{"@type":"Organization","@id":"https:\/\/recyclingnetwork.de\/#organization","name":"Recycling Network","url":"https:\/\/recyclingnetwork.de\/","logo":{"@type":"ImageObject","inLanguage":"de","@id":"https:\/\/recyclingnetwork.de\/#\/schema\/logo\/image\/","url":"https:\/\/recyclingnetwork.de\/wordpress\/wp-content\/uploads\/2022\/10\/logo_left.png","contentUrl":"https:\/\/recyclingnetwork.de\/wordpress\/wp-content\/uploads\/2022\/10\/logo_left.png","width":203,"height":66,"caption":"Recycling Network"},"image":{"@id":"https:\/\/recyclingnetwork.de\/#\/schema\/logo\/image\/"}}]}},"_links":{"self":[{"href":"https:\/\/recyclingnetwork.de\/index.php?rest_route=\/wp\/v2\/pages\/1561","targetHints":{"allow":["GET"]}}],"collection":[{"href":"https:\/\/recyclingnetwork.de\/index.php?rest_route=\/wp\/v2\/pages"}],"about":[{"href":"https:\/\/recyclingnetwork.de\/index.php?rest_route=\/wp\/v2\/types\/page"}],"author":[{"embeddable":true,"href":"https:\/\/recyclingnetwork.de\/index.php?rest_route=\/wp\/v2\/users\/1"}],"replies":[{"embeddable":true,"href":"https:\/\/recyclingnetwork.de\/index.php?rest_route=%2Fwp%2Fv2%2Fcomments&post=1561"}],"version-history":[{"count":10,"href":"https:\/\/recyclingnetwork.de\/index.php?rest_route=\/wp\/v2\/pages\/1561\/revisions"}],"predecessor-version":[{"id":4680,"href":"https:\/\/recyclingnetwork.de\/index.php?rest_route=\/wp\/v2\/pages\/1561\/revisions\/4680"}],"wp:attachment":[{"href":"https:\/\/recyclingnetwork.de\/index.php?rest_route=%2Fwp%2Fv2%2Fmedia&parent=1561"}],"curies":[{"name":"wp","href":"https:\/\/api.w.org\/{rel}","templated":true}]}}