{"id":1564,"date":"2022-10-28T08:22:51","date_gmt":"2022-10-28T08:22:51","guid":{"rendered":"https:\/\/recyclingnetwork.de\/?page_id=1564"},"modified":"2023-10-12T13:38:53","modified_gmt":"2023-10-12T13:38:53","slug":"kosten-und-gebuehren","status":"publish","type":"page","link":"https:\/\/recyclingnetwork.de\/?page_id=1564","title":{"rendered":"Kosten und Geb\u00fchren"},"content":{"rendered":"\n<p>Die Abfallcontainer Apps und Webseite basieren auf ein bestehendes Framework und k\u00f6nnen deshalb so g\u00fcnstig angeboten werden.<\/p>\n\n\n\n<p>Alle Apps (Android und iPhone) und Webseite werden individuell in Ihrem Design erstellt\/angepasst, d.h. in Ihren Firmenfarben und mit Ihrem Logo.<\/p>\n\n\n\n<p>Weitere Anpassungen sind jederzeit m\u00f6glich, z.B. wenn Sie bereits einen Online-Shop haben und zus\u00e4tzlich noch die App oder andere Funktionen unseres Systems einsetzen m\u00f6chten.<\/p>\n\n\n\t<style type=\"text\/css\">\r\n        .pricingtable-1983 .column-item-data.odd{\r\n                }\r\n        .pricingtable-1983 .column-item-data.even{\r\n                }\r\n\t<\/style>\r\n\r\n\t<div class=\"pricingtable   pricingtable-1983 flat\" style=\"background:url() repeat scroll 0 0 rgba(0, 0, 0, 0);\" >\r\n\r\n\t\t\t\r\n\t<\/div>\r\n\r\n\r\n\n\n\n\n<p>Alle Preise sind Netto-Preise und zzgl. der gesetzlichen USt.<\/p>\n\n\n\n<p><\/p>\n","protected":false},"excerpt":{"rendered":"<p>Die Abfallcontainer Apps und Webseite basieren auf ein bestehendes Framework und k\u00f6nnen deshalb so g\u00fcnstig angeboten werden. Alle Apps (Android und iPhone) und Webseite werden individuell in Ihrem Design erstellt\/angepasst, &#8230;<\/p>\n","protected":false},"author":1,"featured_media":0,"parent":0,"menu_order":0,"comment_status":"closed","ping_status":"closed","template":"","meta":{"footnotes":""},"class_list":["post-1564","page","type-page","status-publish","hentry"],"yoast_head":"<!-- This site is optimized with the Yoast SEO plugin v27.4 - https:\/\/yoast.com\/product\/yoast-seo-wordpress\/ -->\n<title>Kosten und Geb\u00fchren - Recycling Network<\/title>\n<meta name=\"robots\" content=\"index, follow, max-snippet:-1, max-image-preview:large, max-video-preview:-1\" \/>\n<link rel=\"canonical\" href=\"https:\/\/recyclingnetwork.de\/?page_id=1564\" \/>\n<meta property=\"og:locale\" content=\"de_DE\" \/>\n<meta property=\"og:type\" content=\"article\" \/>\n<meta property=\"og:title\" content=\"Kosten und Geb\u00fchren - Recycling Network\" \/>\n<meta property=\"og:description\" content=\"Die Abfallcontainer Apps und Webseite basieren auf ein bestehendes Framework und k\u00f6nnen deshalb so g\u00fcnstig angeboten werden. Alle Apps (Android und iPhone) und Webseite werden individuell in Ihrem Design erstellt\/angepasst, ...\" \/>\n<meta property=\"og:url\" content=\"https:\/\/recyclingnetwork.de\/?page_id=1564\" \/>\n<meta property=\"og:site_name\" content=\"Recycling Network\" \/>\n<meta property=\"article:modified_time\" content=\"2023-10-12T13:38:53+00:00\" \/>\n<meta name=\"twitter:card\" content=\"summary_large_image\" \/>\n<meta name=\"twitter:label1\" content=\"Gesch\u00e4tzte Lesezeit\" \/>\n\t<meta name=\"twitter:data1\" content=\"1\u00a0Minute\" \/>\n<script type=\"application\/ld+json\" class=\"yoast-schema-graph\">{\"@context\":\"https:\\\/\\\/schema.org\",\"@graph\":[{\"@type\":\"WebPage\",\"@id\":\"https:\\\/\\\/recyclingnetwork.de\\\/?page_id=1564\",\"url\":\"https:\\\/\\\/recyclingnetwork.de\\\/?page_id=1564\",\"name\":\"Kosten und Geb\u00fchren - Recycling Network\",\"isPartOf\":{\"@id\":\"https:\\\/\\\/recyclingnetwork.de\\\/#website\"},\"datePublished\":\"2022-10-28T08:22:51+00:00\",\"dateModified\":\"2023-10-12T13:38:53+00:00\",\"breadcrumb\":{\"@id\":\"https:\\\/\\\/recyclingnetwork.de\\\/?page_id=1564#breadcrumb\"},\"inLanguage\":\"de\",\"potentialAction\":[{\"@type\":\"ReadAction\",\"target\":[\"https:\\\/\\\/recyclingnetwork.de\\\/?page_id=1564\"]}]},{\"@type\":\"BreadcrumbList\",\"@id\":\"https:\\\/\\\/recyclingnetwork.de\\\/?page_id=1564#breadcrumb\",\"itemListElement\":[{\"@type\":\"ListItem\",\"position\":1,\"name\":\"Startseite\",\"item\":\"https:\\\/\\\/recyclingnetwork.de\\\/\"},{\"@type\":\"ListItem\",\"position\":2,\"name\":\"Kosten und Geb\u00fchren\"}]},{\"@type\":\"WebSite\",\"@id\":\"https:\\\/\\\/recyclingnetwork.de\\\/#website\",\"url\":\"https:\\\/\\\/recyclingnetwork.de\\\/\",\"name\":\"Recycling Network\",\"description\":\"RecyclingNetwork Portal\",\"publisher\":{\"@id\":\"https:\\\/\\\/recyclingnetwork.de\\\/#organization\"},\"potentialAction\":[{\"@type\":\"SearchAction\",\"target\":{\"@type\":\"EntryPoint\",\"urlTemplate\":\"https:\\\/\\\/recyclingnetwork.de\\\/?s={search_term_string}\"},\"query-input\":{\"@type\":\"PropertyValueSpecification\",\"valueRequired\":true,\"valueName\":\"search_term_string\"}}],\"inLanguage\":\"de\"},{\"@type\":\"Organization\",\"@id\":\"https:\\\/\\\/recyclingnetwork.de\\\/#organization\",\"name\":\"Recycling Network\",\"url\":\"https:\\\/\\\/recyclingnetwork.de\\\/\",\"logo\":{\"@type\":\"ImageObject\",\"inLanguage\":\"de\",\"@id\":\"https:\\\/\\\/recyclingnetwork.de\\\/#\\\/schema\\\/logo\\\/image\\\/\",\"url\":\"https:\\\/\\\/recyclingnetwork.de\\\/wordpress\\\/wp-content\\\/uploads\\\/2022\\\/10\\\/logo_left.png\",\"contentUrl\":\"https:\\\/\\\/recyclingnetwork.de\\\/wordpress\\\/wp-content\\\/uploads\\\/2022\\\/10\\\/logo_left.png\",\"width\":203,\"height\":66,\"caption\":\"Recycling Network\"},\"image\":{\"@id\":\"https:\\\/\\\/recyclingnetwork.de\\\/#\\\/schema\\\/logo\\\/image\\\/\"}}]}<\/script>\n<!-- \/ Yoast SEO plugin. -->","yoast_head_json":{"title":"Kosten und Geb\u00fchren - Recycling Network","robots":{"index":"index","follow":"follow","max-snippet":"max-snippet:-1","max-image-preview":"max-image-preview:large","max-video-preview":"max-video-preview:-1"},"canonical":"https:\/\/recyclingnetwork.de\/?page_id=1564","og_locale":"de_DE","og_type":"article","og_title":"Kosten und Geb\u00fchren - Recycling Network","og_description":"Die Abfallcontainer Apps und Webseite basieren auf ein bestehendes Framework und k\u00f6nnen deshalb so g\u00fcnstig angeboten werden. Alle Apps (Android und iPhone) und Webseite werden individuell in Ihrem Design erstellt\/angepasst, ...","og_url":"https:\/\/recyclingnetwork.de\/?page_id=1564","og_site_name":"Recycling Network","article_modified_time":"2023-10-12T13:38:53+00:00","twitter_card":"summary_large_image","twitter_misc":{"Gesch\u00e4tzte Lesezeit":"1\u00a0Minute"},"schema":{"@context":"https:\/\/schema.org","@graph":[{"@type":"WebPage","@id":"https:\/\/recyclingnetwork.de\/?page_id=1564","url":"https:\/\/recyclingnetwork.de\/?page_id=1564","name":"Kosten und Geb\u00fchren - Recycling Network","isPartOf":{"@id":"https:\/\/recyclingnetwork.de\/#website"},"datePublished":"2022-10-28T08:22:51+00:00","dateModified":"2023-10-12T13:38:53+00:00","breadcrumb":{"@id":"https:\/\/recyclingnetwork.de\/?page_id=1564#breadcrumb"},"inLanguage":"de","potentialAction":[{"@type":"ReadAction","target":["https:\/\/recyclingnetwork.de\/?page_id=1564"]}]},{"@type":"BreadcrumbList","@id":"https:\/\/recyclingnetwork.de\/?page_id=1564#breadcrumb","itemListElement":[{"@type":"ListItem","position":1,"name":"Startseite","item":"https:\/\/recyclingnetwork.de\/"},{"@type":"ListItem","position":2,"name":"Kosten und Geb\u00fchren"}]},{"@type":"WebSite","@id":"https:\/\/recyclingnetwork.de\/#website","url":"https:\/\/recyclingnetwork.de\/","name":"Recycling Network","description":"RecyclingNetwork Portal","publisher":{"@id":"https:\/\/recyclingnetwork.de\/#organization"},"potentialAction":[{"@type":"SearchAction","target":{"@type":"EntryPoint","urlTemplate":"https:\/\/recyclingnetwork.de\/?s={search_term_string}"},"query-input":{"@type":"PropertyValueSpecification","valueRequired":true,"valueName":"search_term_string"}}],"inLanguage":"de"},{"@type":"Organization","@id":"https:\/\/recyclingnetwork.de\/#organization","name":"Recycling Network","url":"https:\/\/recyclingnetwork.de\/","logo":{"@type":"ImageObject","inLanguage":"de","@id":"https:\/\/recyclingnetwork.de\/#\/schema\/logo\/image\/","url":"https:\/\/recyclingnetwork.de\/wordpress\/wp-content\/uploads\/2022\/10\/logo_left.png","contentUrl":"https:\/\/recyclingnetwork.de\/wordpress\/wp-content\/uploads\/2022\/10\/logo_left.png","width":203,"height":66,"caption":"Recycling Network"},"image":{"@id":"https:\/\/recyclingnetwork.de\/#\/schema\/logo\/image\/"}}]}},"_links":{"self":[{"href":"https:\/\/recyclingnetwork.de\/index.php?rest_route=\/wp\/v2\/pages\/1564","targetHints":{"allow":["GET"]}}],"collection":[{"href":"https:\/\/recyclingnetwork.de\/index.php?rest_route=\/wp\/v2\/pages"}],"about":[{"href":"https:\/\/recyclingnetwork.de\/index.php?rest_route=\/wp\/v2\/types\/page"}],"author":[{"embeddable":true,"href":"https:\/\/recyclingnetwork.de\/index.php?rest_route=\/wp\/v2\/users\/1"}],"replies":[{"embeddable":true,"href":"https:\/\/recyclingnetwork.de\/index.php?rest_route=%2Fwp%2Fv2%2Fcomments&post=1564"}],"version-history":[{"count":18,"href":"https:\/\/recyclingnetwork.de\/index.php?rest_route=\/wp\/v2\/pages\/1564\/revisions"}],"predecessor-version":[{"id":2221,"href":"https:\/\/recyclingnetwork.de\/index.php?rest_route=\/wp\/v2\/pages\/1564\/revisions\/2221"}],"wp:attachment":[{"href":"https:\/\/recyclingnetwork.de\/index.php?rest_route=%2Fwp%2Fv2%2Fmedia&parent=1564"}],"curies":[{"name":"wp","href":"https:\/\/api.w.org\/{rel}","templated":true}]}}