{"id":1858,"date":"2023-01-10T14:01:30","date_gmt":"2023-01-10T14:01:30","guid":{"rendered":"https:\/\/recyclingnetwork.de\/?page_id=1858"},"modified":"2023-01-10T14:01:30","modified_gmt":"2023-01-10T14:01:30","slug":"faq-2","status":"publish","type":"page","link":"https:\/\/recyclingnetwork.de\/?page_id=1858","title":{"rendered":"FAQ"},"content":{"rendered":"\n<p>Hier finden Sie einige Antworten auf h\u00e4ufig gestellte Fragen<\/p>\n\n\n<style>#sp-ea-1485 .spcollapsing { height: 0; overflow: hidden; transition-property: height;transition-duration: 300ms;}#sp-ea-1485.sp-easy-accordion>.sp-ea-single {margin-bottom: 10px; border: 1px solid #e2e2e2; }#sp-ea-1485.sp-easy-accordion>.sp-ea-single>.ea-header a {color: #444;}#sp-ea-1485.sp-easy-accordion>.sp-ea-single>.sp-collapse>.ea-body {background: #fff; color: #444;}#sp-ea-1485.sp-easy-accordion>.sp-ea-single {background: #eee;}#sp-ea-1485.sp-easy-accordion>.sp-ea-single>.ea-header a .ea-expand-icon { float: left; color: #444;font-size: 16px;}<\/style><div id=\"sp_easy_accordion-1776380160\"><div id=\"sp-ea-1485\" class=\"sp-ea-one sp-easy-accordion\" data-ea-active=\"ea-click\" data-ea-mode=\"vertical\" data-preloader=\"\" data-scroll-active-item=\"\" data-offset-to-scroll=\"0\"><div class=\"ea-card ea-expand sp-ea-single\"><h3 class=\"ea-header\"><a class=\"collapsed\" id=\"ea-header-14850\" role=\"button\" data-sptoggle=\"spcollapse\" data-sptarget=\"#collapse14850\" aria-controls=\"collapse14850\" href=\"#\" aria-expanded=\"true\" tabindex=\"0\"><i aria-hidden=\"true\" role=\"presentation\" class=\"ea-expand-icon eap-icon-ea-expand-minus\"><\/i> Welche Zahlungsoptionen gibt es f\u00fcr meine Kunden<\/a><\/h3><div class=\"sp-collapse spcollapse collapsed show\" id=\"collapse14850\" data-parent=\"#sp-ea-1485\" role=\"region\" aria-labelledby=\"ea-header-14850\"> <div class=\"ea-body\"><p>Kreditkarten, GiroPay, Sofort\u00fcberweisung, PayPal, Zahlung vor Ort oder auch auf Rechnung<\/p><p>Sie k\u00f6nnen im Backend einstellen, welche Zahlungsoptionen m\u00f6glich sind<\/p><\/div><\/div><\/div><div class=\"ea-card sp-ea-single\"><h3 class=\"ea-header\"><a class=\"collapsed\" id=\"ea-header-14851\" role=\"button\" data-sptoggle=\"spcollapse\" data-sptarget=\"#collapse14851\" aria-controls=\"collapse14851\" href=\"#\" aria-expanded=\"false\" tabindex=\"0\"><i aria-hidden=\"true\" role=\"presentation\" class=\"ea-expand-icon eap-icon-ea-expand-plus\"><\/i> Bekommt meine Webseite eine eigene Webadresse?<\/a><\/h3><div class=\"sp-collapse spcollapse \" id=\"collapse14851\" data-parent=\"#sp-ea-1485\" role=\"region\" aria-labelledby=\"ea-header-14851\"> <div class=\"ea-body\"><p>Die Webseite bekommt eine eigene Webadresse. Sie kann mit Ihrer bestehenden Webseite verbunden werden oder auch als alleinige Webseite fungieren.<\/p><\/div><\/div><\/div><div class=\"ea-card sp-ea-single\"><h3 class=\"ea-header\"><a class=\"collapsed\" id=\"ea-header-14852\" role=\"button\" data-sptoggle=\"spcollapse\" data-sptarget=\"#collapse14852\" aria-controls=\"collapse14852\" href=\"#\" aria-expanded=\"false\" tabindex=\"0\"><i aria-hidden=\"true\" role=\"presentation\" class=\"ea-expand-icon eap-icon-ea-expand-plus\"><\/i> Welche Kosten fallen f\u00fcr mich an<\/a><\/h3><div class=\"sp-collapse spcollapse \" id=\"collapse14852\" data-parent=\"#sp-ea-1485\" role=\"region\" aria-labelledby=\"ea-header-14852\"> <div class=\"ea-body\"><p>Die Einrichtungskosten gem\u00e4ss unserer Preisliste.<\/p><p>Bei Option 1 fallen zus\u00e4tzliche Provisionen in H\u00f6he von 2 - 3 % pro Verkauf.<\/p><p>Bei Option 2 und 3 entfallen diese Provisionen<\/p><p>Bei Bezahlung per Kreditkarte fallen ca. 1,2% Geb\u00fchren an den Zahlungsdienstleister an<\/p><\/div><\/div><\/div><div class=\"ea-card sp-ea-single\"><h3 class=\"ea-header\"><a class=\"collapsed\" id=\"ea-header-14853\" role=\"button\" data-sptoggle=\"spcollapse\" data-sptarget=\"#collapse14853\" aria-controls=\"collapse14853\" href=\"#\" aria-expanded=\"false\" tabindex=\"0\"><i aria-hidden=\"true\" role=\"presentation\" class=\"ea-expand-icon eap-icon-ea-expand-plus\"><\/i> Wie schnell erhalte ich das Geld<\/a><\/h3><div class=\"sp-collapse spcollapse \" id=\"collapse14853\" data-parent=\"#sp-ea-1485\" role=\"region\" aria-labelledby=\"ea-header-14853\"> <div class=\"ea-body\"><p>Die Zahlung Ihrer Kunden mit Kreditkarte wird ein Tag nach Gutschrift an Sie weiter \u00fcberwiesen. Je nach Zahlungsmethode wird die Zahlung 1 - 3 Tage nach Bestellung gutgeschrieben.<\/p><\/div><\/div><\/div><div class=\"ea-card sp-ea-single\"><h3 class=\"ea-header\"><a class=\"collapsed\" id=\"ea-header-14854\" role=\"button\" data-sptoggle=\"spcollapse\" data-sptarget=\"#collapse14854\" aria-controls=\"collapse14854\" href=\"#\" aria-expanded=\"false\" tabindex=\"0\"><i aria-hidden=\"true\" role=\"presentation\" class=\"ea-expand-icon eap-icon-ea-expand-plus\"><\/i> Wie lange dauert die Erstellung meiner eigenen individuellen App und Webseite?<\/a><\/h3><div class=\"sp-collapse spcollapse \" id=\"collapse14854\" data-parent=\"#sp-ea-1485\" role=\"region\" aria-labelledby=\"ea-header-14854\"> <div class=\"ea-body\"><p>Die Entwicklung dauert je nachdem, wie schnell wir alle Daten bekommen und das Design mit Ihnen abgestimmt haben, ca 2 - 3 Wochen.<\/p><\/div><\/div><\/div><div class=\"ea-card sp-ea-single\"><h3 class=\"ea-header\"><a class=\"collapsed\" id=\"ea-header-14855\" role=\"button\" data-sptoggle=\"spcollapse\" data-sptarget=\"#collapse14855\" aria-controls=\"collapse14855\" href=\"#\" aria-expanded=\"false\" tabindex=\"0\"><i aria-hidden=\"true\" role=\"presentation\" class=\"ea-expand-icon eap-icon-ea-expand-plus\"><\/i> Warum ist die Erstellung der App und Webseite so g\u00fcnstig?<\/a><\/h3><div class=\"sp-collapse spcollapse \" id=\"collapse14855\" data-parent=\"#sp-ea-1485\" role=\"region\" aria-labelledby=\"ea-header-14855\"> <div class=\"ea-body\"><p>Wir haben bereits ein Framework mit den wichtigsten Funktionen, d.h. die App und Webseite wurde bereits f\u00fcr andere Kunden erstellt und es m\u00fcssen nur noch geringf\u00fcgige \u00c4nderungen durchgef\u00fchrt werden<\/p><\/div><\/div><\/div><div class=\"ea-card sp-ea-single\"><h3 class=\"ea-header\"><a class=\"collapsed\" id=\"ea-header-14856\" role=\"button\" data-sptoggle=\"spcollapse\" data-sptarget=\"#collapse14856\" aria-controls=\"collapse14856\" href=\"#\" aria-expanded=\"false\" tabindex=\"0\"><i aria-hidden=\"true\" role=\"presentation\" class=\"ea-expand-icon eap-icon-ea-expand-plus\"><\/i> Bekommt meine App ein eigens App-Icon<\/a><\/h3><div class=\"sp-collapse spcollapse \" id=\"collapse14856\" data-parent=\"#sp-ea-1485\" role=\"region\" aria-labelledby=\"ea-header-14856\"> <div class=\"ea-body\"><p>Ihre App erh\u00e4lt ein eigenes App Icon, Sie werden im App-Store mit Ihren Daten gefunden<\/p><ul><li>Die App wird in Ihren Farben und mit Ihrem Logo erstellt<\/li><li>F\u00fcr die Container k\u00f6nnen Sie Ihre eigenen Grafiken nutzen, bzw. diese in Ihren Farben darstellen<\/li><li>F\u00fcr AGBs, Firmendarstellungen, Impressum, etc. werden Ihre eigenen Texte genutzt, die Sie auch selbst im Backend \u00e4ndern k\u00f6nnen.<\/li><\/ul><\/div><\/div><\/div><div class=\"ea-card sp-ea-single\"><h3 class=\"ea-header\"><a class=\"collapsed\" id=\"ea-header-14857\" role=\"button\" data-sptoggle=\"spcollapse\" data-sptarget=\"#collapse14857\" aria-controls=\"collapse14857\" href=\"#\" aria-expanded=\"false\" tabindex=\"0\"><i aria-hidden=\"true\" role=\"presentation\" class=\"ea-expand-icon eap-icon-ea-expand-plus\"><\/i> Wir sind nur ein kleiner Container-Dienst<\/a><\/h3><div class=\"sp-collapse spcollapse \" id=\"collapse14857\" data-parent=\"#sp-ea-1485\" role=\"region\" aria-labelledby=\"ea-header-14857\"> <div class=\"ea-body\"><p>Gerade f\u00fcr kleine Containerdienste ist die App und die Webseite ideal.<\/p><p>Sie sind praktisch rund um die Uhr erreichbar. Ihre Kunden k\u00f6nnen jederzeit bestellen<\/p><p>Sie k\u00f6nnen dann zu von Ihnen festgelegten Zeiten die eingegangen Bestellungen bearbeiten und Touren zuweisen.<\/p><p>Rechnungen, Lieferscheine werden automatisch erstellt.<\/p><\/div><\/div><\/div><\/div><\/div>\n\n\n\n<p>Sollten Sie weitere Fragen haben, dann nutzen Sie bitte das Kontaktformular oder rufen Sie uns an: 089 41423740<\/p>\n\n\n\n<div class=\"wp-block-contact-form-7-contact-form-selector\">\n<div class=\"wpcf7 no-js\" id=\"wpcf7-f4-o1\" lang=\"de-DE\" dir=\"ltr\" data-wpcf7-id=\"4\">\n<div class=\"screen-reader-response\"><p role=\"status\" aria-live=\"polite\" aria-atomic=\"true\"><\/p> <ul><\/ul><\/div>\n<form action=\"\/index.php?rest_route=%2Fwp%2Fv2%2Fpages%2F1858#wpcf7-f4-o1\" method=\"post\" class=\"wpcf7-form init\" aria-label=\"Kontaktformular\" novalidate=\"novalidate\" data-status=\"init\">\n<fieldset class=\"hidden-fields-container\"><input type=\"hidden\" name=\"_wpcf7\" value=\"4\" \/><input type=\"hidden\" name=\"_wpcf7_version\" value=\"6.1.2\" \/><input type=\"hidden\" name=\"_wpcf7_locale\" value=\"de_DE\" \/><input type=\"hidden\" name=\"_wpcf7_unit_tag\" value=\"wpcf7-f4-o1\" \/><input type=\"hidden\" name=\"_wpcf7_container_post\" value=\"0\" \/><input type=\"hidden\" name=\"_wpcf7_posted_data_hash\" value=\"\" \/>\n<\/fieldset>\n<p><label> Ihr Name<br \/>\n<span class=\"wpcf7-form-control-wrap\" data-name=\"your-name\"><input size=\"40\" maxlength=\"400\" class=\"wpcf7-form-control wpcf7-text wpcf7-validates-as-required\" aria-required=\"true\" aria-invalid=\"false\" value=\"\" type=\"text\" name=\"your-name\" \/><\/span> <\/label>\n<\/p>\n<p><label> Ihre E-Mail-Adresse<br \/>\n<span class=\"wpcf7-form-control-wrap\" data-name=\"your-email\"><input size=\"40\" maxlength=\"400\" class=\"wpcf7-form-control wpcf7-email wpcf7-validates-as-required wpcf7-text wpcf7-validates-as-email\" aria-required=\"true\" aria-invalid=\"false\" value=\"\" type=\"email\" name=\"your-email\" \/><\/span> <\/label>\n<\/p>\n<p><label> Betreff<br \/>\n<span class=\"wpcf7-form-control-wrap\" data-name=\"your-subject\"><input size=\"40\" maxlength=\"400\" class=\"wpcf7-form-control wpcf7-text wpcf7-validates-as-required\" aria-required=\"true\" aria-invalid=\"false\" value=\"\" type=\"text\" name=\"your-subject\" \/><\/span> <\/label>\n<\/p>\n<p><label> Ihre Nachricht (optional)<br \/>\n<span class=\"wpcf7-form-control-wrap\" data-name=\"your-message\"><textarea cols=\"40\" rows=\"10\" maxlength=\"2000\" class=\"wpcf7-form-control wpcf7-textarea\" aria-invalid=\"false\" name=\"your-message\"><\/textarea><\/span> <\/label>\n<\/p>\n<p><input class=\"wpcf7-form-control wpcf7-submit has-spinner\" type=\"submit\" value=\"Senden\" \/>\n<\/p><input type=\"hidden\" id=\"ct_checkjs_cf7_f61d6947467ccd3aa5af24db320235dd\" name=\"ct_checkjs_cf7\" value=\"0\" \/><script >setTimeout(function(){var ct_input_name = \"ct_checkjs_cf7_f61d6947467ccd3aa5af24db320235dd\";if (document.getElementById(ct_input_name) !== null) {var ct_input_value = document.getElementById(ct_input_name).value;document.getElementById(ct_input_name).value = document.getElementById(ct_input_name).value.replace(ct_input_value, 'dfb6160bea1427864b117341760daa7609ff840a2413ea0b1133ed2c15670c61');}}, 1000);<\/script><input\n                    class=\"apbct_special_field apbct_email_id__wp_contact_form_7\"\n                    name=\"apbct__email_id__wp_contact_form_7\"\n                    aria-label=\"apbct__label_id__wp_contact_form_7\"\n                    type=\"text\" size=\"30\" maxlength=\"200\" autocomplete=\"off\"\n                    value=\"\"\n                \/><div class=\"wpcf7-response-output\" aria-hidden=\"true\"><\/div>\n<\/form>\n<\/div>\n<\/div>\n","protected":false},"excerpt":{"rendered":"<p>Hier finden Sie einige Antworten auf h\u00e4ufig gestellte Fragen Sollten Sie weitere Fragen haben, dann nutzen Sie bitte das Kontaktformular oder rufen Sie uns an: 089 41423740<\/p>\n","protected":false},"author":1,"featured_media":0,"parent":0,"menu_order":0,"comment_status":"closed","ping_status":"closed","template":"","meta":{"footnotes":""},"class_list":["post-1858","page","type-page","status-publish","hentry"],"yoast_head":"<!-- This site is optimized with the Yoast SEO plugin v27.4 - https:\/\/yoast.com\/product\/yoast-seo-wordpress\/ -->\n<title>FAQ - Recycling Network<\/title>\n<meta name=\"robots\" content=\"index, follow, max-snippet:-1, max-image-preview:large, max-video-preview:-1\" \/>\n<link rel=\"canonical\" href=\"https:\/\/recyclingnetwork.de\/?page_id=1858\" \/>\n<meta property=\"og:locale\" content=\"de_DE\" \/>\n<meta property=\"og:type\" content=\"article\" \/>\n<meta property=\"og:title\" content=\"FAQ - Recycling Network\" \/>\n<meta property=\"og:description\" content=\"Hier finden Sie einige Antworten auf h\u00e4ufig gestellte Fragen Sollten Sie weitere Fragen haben, dann nutzen Sie bitte das Kontaktformular oder rufen Sie uns an: 089 41423740\" \/>\n<meta property=\"og:url\" content=\"https:\/\/recyclingnetwork.de\/?page_id=1858\" \/>\n<meta property=\"og:site_name\" content=\"Recycling Network\" \/>\n<meta name=\"twitter:card\" content=\"summary_large_image\" \/>\n<meta name=\"twitter:label1\" content=\"Gesch\u00e4tzte Lesezeit\" \/>\n\t<meta name=\"twitter:data1\" content=\"1\u00a0Minute\" \/>\n<script type=\"application\/ld+json\" class=\"yoast-schema-graph\">{\"@context\":\"https:\\\/\\\/schema.org\",\"@graph\":[{\"@type\":\"WebPage\",\"@id\":\"https:\\\/\\\/recyclingnetwork.de\\\/?page_id=1858\",\"url\":\"https:\\\/\\\/recyclingnetwork.de\\\/?page_id=1858\",\"name\":\"FAQ - Recycling Network\",\"isPartOf\":{\"@id\":\"https:\\\/\\\/recyclingnetwork.de\\\/#website\"},\"datePublished\":\"2023-01-10T14:01:30+00:00\",\"breadcrumb\":{\"@id\":\"https:\\\/\\\/recyclingnetwork.de\\\/?page_id=1858#breadcrumb\"},\"inLanguage\":\"de\",\"potentialAction\":[{\"@type\":\"ReadAction\",\"target\":[\"https:\\\/\\\/recyclingnetwork.de\\\/?page_id=1858\"]}]},{\"@type\":\"BreadcrumbList\",\"@id\":\"https:\\\/\\\/recyclingnetwork.de\\\/?page_id=1858#breadcrumb\",\"itemListElement\":[{\"@type\":\"ListItem\",\"position\":1,\"name\":\"Startseite\",\"item\":\"https:\\\/\\\/recyclingnetwork.de\\\/\"},{\"@type\":\"ListItem\",\"position\":2,\"name\":\"FAQ\"}]},{\"@type\":\"WebSite\",\"@id\":\"https:\\\/\\\/recyclingnetwork.de\\\/#website\",\"url\":\"https:\\\/\\\/recyclingnetwork.de\\\/\",\"name\":\"Recycling Network\",\"description\":\"RecyclingNetwork Portal\",\"publisher\":{\"@id\":\"https:\\\/\\\/recyclingnetwork.de\\\/#organization\"},\"potentialAction\":[{\"@type\":\"SearchAction\",\"target\":{\"@type\":\"EntryPoint\",\"urlTemplate\":\"https:\\\/\\\/recyclingnetwork.de\\\/?s={search_term_string}\"},\"query-input\":{\"@type\":\"PropertyValueSpecification\",\"valueRequired\":true,\"valueName\":\"search_term_string\"}}],\"inLanguage\":\"de\"},{\"@type\":\"Organization\",\"@id\":\"https:\\\/\\\/recyclingnetwork.de\\\/#organization\",\"name\":\"Recycling Network\",\"url\":\"https:\\\/\\\/recyclingnetwork.de\\\/\",\"logo\":{\"@type\":\"ImageObject\",\"inLanguage\":\"de\",\"@id\":\"https:\\\/\\\/recyclingnetwork.de\\\/#\\\/schema\\\/logo\\\/image\\\/\",\"url\":\"https:\\\/\\\/recyclingnetwork.de\\\/wordpress\\\/wp-content\\\/uploads\\\/2022\\\/10\\\/logo_left.png\",\"contentUrl\":\"https:\\\/\\\/recyclingnetwork.de\\\/wordpress\\\/wp-content\\\/uploads\\\/2022\\\/10\\\/logo_left.png\",\"width\":203,\"height\":66,\"caption\":\"Recycling Network\"},\"image\":{\"@id\":\"https:\\\/\\\/recyclingnetwork.de\\\/#\\\/schema\\\/logo\\\/image\\\/\"}}]}<\/script>\n<!-- \/ Yoast SEO plugin. -->","yoast_head_json":{"title":"FAQ - Recycling Network","robots":{"index":"index","follow":"follow","max-snippet":"max-snippet:-1","max-image-preview":"max-image-preview:large","max-video-preview":"max-video-preview:-1"},"canonical":"https:\/\/recyclingnetwork.de\/?page_id=1858","og_locale":"de_DE","og_type":"article","og_title":"FAQ - Recycling Network","og_description":"Hier finden Sie einige Antworten auf h\u00e4ufig gestellte Fragen Sollten Sie weitere Fragen haben, dann nutzen Sie bitte das Kontaktformular oder rufen Sie uns an: 089 41423740","og_url":"https:\/\/recyclingnetwork.de\/?page_id=1858","og_site_name":"Recycling Network","twitter_card":"summary_large_image","twitter_misc":{"Gesch\u00e4tzte Lesezeit":"1\u00a0Minute"},"schema":{"@context":"https:\/\/schema.org","@graph":[{"@type":"WebPage","@id":"https:\/\/recyclingnetwork.de\/?page_id=1858","url":"https:\/\/recyclingnetwork.de\/?page_id=1858","name":"FAQ - Recycling Network","isPartOf":{"@id":"https:\/\/recyclingnetwork.de\/#website"},"datePublished":"2023-01-10T14:01:30+00:00","breadcrumb":{"@id":"https:\/\/recyclingnetwork.de\/?page_id=1858#breadcrumb"},"inLanguage":"de","potentialAction":[{"@type":"ReadAction","target":["https:\/\/recyclingnetwork.de\/?page_id=1858"]}]},{"@type":"BreadcrumbList","@id":"https:\/\/recyclingnetwork.de\/?page_id=1858#breadcrumb","itemListElement":[{"@type":"ListItem","position":1,"name":"Startseite","item":"https:\/\/recyclingnetwork.de\/"},{"@type":"ListItem","position":2,"name":"FAQ"}]},{"@type":"WebSite","@id":"https:\/\/recyclingnetwork.de\/#website","url":"https:\/\/recyclingnetwork.de\/","name":"Recycling Network","description":"RecyclingNetwork Portal","publisher":{"@id":"https:\/\/recyclingnetwork.de\/#organization"},"potentialAction":[{"@type":"SearchAction","target":{"@type":"EntryPoint","urlTemplate":"https:\/\/recyclingnetwork.de\/?s={search_term_string}"},"query-input":{"@type":"PropertyValueSpecification","valueRequired":true,"valueName":"search_term_string"}}],"inLanguage":"de"},{"@type":"Organization","@id":"https:\/\/recyclingnetwork.de\/#organization","name":"Recycling Network","url":"https:\/\/recyclingnetwork.de\/","logo":{"@type":"ImageObject","inLanguage":"de","@id":"https:\/\/recyclingnetwork.de\/#\/schema\/logo\/image\/","url":"https:\/\/recyclingnetwork.de\/wordpress\/wp-content\/uploads\/2022\/10\/logo_left.png","contentUrl":"https:\/\/recyclingnetwork.de\/wordpress\/wp-content\/uploads\/2022\/10\/logo_left.png","width":203,"height":66,"caption":"Recycling Network"},"image":{"@id":"https:\/\/recyclingnetwork.de\/#\/schema\/logo\/image\/"}}]}},"_links":{"self":[{"href":"https:\/\/recyclingnetwork.de\/index.php?rest_route=\/wp\/v2\/pages\/1858","targetHints":{"allow":["GET"]}}],"collection":[{"href":"https:\/\/recyclingnetwork.de\/index.php?rest_route=\/wp\/v2\/pages"}],"about":[{"href":"https:\/\/recyclingnetwork.de\/index.php?rest_route=\/wp\/v2\/types\/page"}],"author":[{"embeddable":true,"href":"https:\/\/recyclingnetwork.de\/index.php?rest_route=\/wp\/v2\/users\/1"}],"replies":[{"embeddable":true,"href":"https:\/\/recyclingnetwork.de\/index.php?rest_route=%2Fwp%2Fv2%2Fcomments&post=1858"}],"version-history":[{"count":2,"href":"https:\/\/recyclingnetwork.de\/index.php?rest_route=\/wp\/v2\/pages\/1858\/revisions"}],"predecessor-version":[{"id":1860,"href":"https:\/\/recyclingnetwork.de\/index.php?rest_route=\/wp\/v2\/pages\/1858\/revisions\/1860"}],"wp:attachment":[{"href":"https:\/\/recyclingnetwork.de\/index.php?rest_route=%2Fwp%2Fv2%2Fmedia&parent=1858"}],"curies":[{"name":"wp","href":"https:\/\/api.w.org\/{rel}","templated":true}]}}